{"id":479,"date":"2023-11-18T21:02:03","date_gmt":"2023-11-18T21:02:03","guid":{"rendered":"https:\/\/t-inside.com\/?post_type=product&#038;p=479"},"modified":"2023-11-18T21:04:26","modified_gmt":"2023-11-18T21:04:26","slug":"skarpety-sportowe-frotte-w-stopie-rozmiar-31-34-model-10-3szt","status":"publish","type":"product","link":"https:\/\/t-inside.com\/index.php\/produkt\/skarpety-sportowe-frotte-w-stopie-rozmiar-31-34-model-10-3szt\/","title":{"rendered":"Skarpety sportowe &#8211; frotte w stopie &#8211; rozmiar 31-34 model 10 &#8211; 3szt"},"content":{"rendered":"<h1><strong>Sportowe skarpetki z frotte 31-34<\/strong><\/h1>\n<p>Ze wzgl\u0119du na fakt, \u017ce skarpety frotte dobrze amortyzuj\u0105, odprowadzaj\u0105 wilgo\u0107, chroni\u0105 stopy przed przegrzaniem, ale jednocze\u015bnie zabezpieczaj\u0105 przed zimnem, a przy tym s\u0105 oddychaj\u0105ce, idealnie sprawdzaj\u0105 si\u0119 podczas uprawiania sportu.<\/p>\n<p>Czy zdarzy\u0142o Ci si\u0119 \u017ce Twoje dziecko po treningu lub turnieju ma odparzenia na stopach?? G\u0142\u00f3wn\u0105 przyczyn\u0105 problem\u00f3w ze stopami nie jest sam trening, ale warunki w jakich przebywaj\u0105 stopy. S\u0105 to wilgo\u0107 i tarcie. <b>Rozgrzane stopy poc\u0105 si\u0119, czyni\u0105c skarpety wilgotnymi, co wywo\u0142uje otarcia<\/b>. Miejscowy uraz sk\u00f3ry, w po\u0142\u0105czeniu z ruchem wewn\u0105trz buta mo\u017ce oznacza\u0107 p\u0119cherz. Skarpety z frott\u0105 w stopie pomaga w odpowiednim odprowadzeniu wilgoci a specjalne strefy wentylacji w skarpetach w odpowiedni spos\u00f3b dbaj\u0105 o stopy Waszych dzieci.<\/p>\n<p>Skarpety z frotte wbrew pozorom nie s\u0105 przeznaczone tylko na okresy zimowe z przekonaniem \u017ce s\u0105 cieplejsze ale w okresie letnim r\u00f3wnie\u017c \u015bwietnie spe\u0142niaj\u0105 swoj\u0105 funkcj\u0119 chroni\u0105c przed przegrzaniem stopy.<\/p>\n<p>Skarpety firmy WOLA<\/p>\n<p>Sk\u0142ad materia\u0142owy:<\/p>\n<p>83% Bawe\u0142na\/ 83% cotton, 15%Poliamid\/ 15%Polyamide, 2% Elestan\/ 2% Elastane,<\/p>\n<p>Rozmiar 31-34 (d\u0142ugo\u015b\u0107 stopy 21-22cm)<\/p>\n<p>Kolor bia\u0142y\/ niebieski\/ granatowy\/ czarny<\/p>\n<p>Rurka skarpety &#8211; kr\u00f3tka(oko\u0142o 8cm bez naci\u0105gania)<\/p>\n<p>Zapakowane w firmowym opakowaniu T-inside &#8211; 3 pary skarpet w opakowaniu<\/p>\n<p>Skarpety sportowe\u00a0 wykonane z wysokiej jako\u015bci prz\u0119dzy, przeznaczone dla os\u00f3b aktywnie uprawiaj\u0105cej sport. Skarpety gwarantuj\u0105 optymaln\u0105 kontrol\u0119 podczas treningu. Zapewniaj\u0105 doskona\u0142\u0105 ochron\u0119 przed p\u0119cherzami i odciskami.<\/p>\n<p>Specjalna konstrukcja zgodna z budow\u0105\u00a0 anatomiczn\u0105 stopy, oraz uwzgl\u0119dnienie stref wymagaj\u0105cych wzmocnienia, umieszczonych odpowiednio do funkcji jakie powinny spe\u0142nia\u0107 podwy\u017csza komfort u\u017cytkowania. Dzi\u0119ki zastosowaniu w budowie w\u0142\u00f3kna LYCRA\u00a0 skarpety nie uciskaj\u0105\u00a0 i jednocze\u015bnie dobrze przylegaj\u0105 do nogi.<\/p>\n<p>&nbsp;<\/p>\n","protected":false},"excerpt":{"rendered":"<p>Sportowe skarpetki z frotte 31-34 Ze wzgl\u0119du na fakt, \u017ce skarpety frotte dobrze amortyzuj\u0105, odprowadzaj\u0105 wilgo\u0107, chroni\u0105 stopy przed przegrzaniem, ale jednocze\u015bnie zabezpieczaj\u0105 przed zimnem, a przy tym s\u0105 oddychaj\u0105ce, idealnie sprawdzaj\u0105 si\u0119 podczas uprawiania sportu. Czy zdarzy\u0142o Ci si\u0119 \u017ce Twoje dziecko po treningu lub turnieju ma odparzenia na stopach?? G\u0142\u00f3wn\u0105 przyczyn\u0105 problem\u00f3w ze [&hellip;]<\/p>\n","protected":false},"featured_media":480,"comment_status":"open","ping_status":"closed","template":"","meta":{"_et_pb_use_builder":"","_et_pb_old_content":"","_et_gb_content_width":""},"product_brand":[],"product_cat":[17],"product_tag":[122,119,120,121],"class_list":{"0":"post-479","1":"product","2":"type-product","3":"status-publish","4":"has-post-thumbnail","6":"product_cat-odziez","7":"product_tag-skarpety-dzieciece-do-tenisa","8":"product_tag-skarpety-frotte","9":"product_tag-skarpety-sportowe-frotte","10":"product_tag-sportowe-frotte-dla-dzieci","12":"first","13":"instock","14":"shipping-taxable","15":"purchasable","16":"product-type-simple"},"_links":{"self":[{"href":"https:\/\/t-inside.com\/index.php\/wp-json\/wp\/v2\/product\/479","targetHints":{"allow":["GET"]}}],"collection":[{"href":"https:\/\/t-inside.com\/index.php\/wp-json\/wp\/v2\/product"}],"about":[{"href":"https:\/\/t-inside.com\/index.php\/wp-json\/wp\/v2\/types\/product"}],"replies":[{"embeddable":true,"href":"https:\/\/t-inside.com\/index.php\/wp-json\/wp\/v2\/comments?post=479"}],"wp:featuredmedia":[{"embeddable":true,"href":"https:\/\/t-inside.com\/index.php\/wp-json\/wp\/v2\/media\/480"}],"wp:attachment":[{"href":"https:\/\/t-inside.com\/index.php\/wp-json\/wp\/v2\/media?parent=479"}],"wp:term":[{"taxonomy":"product_brand","embeddable":true,"href":"https:\/\/t-inside.com\/index.php\/wp-json\/wp\/v2\/product_brand?post=479"},{"taxonomy":"product_cat","embeddable":true,"href":"https:\/\/t-inside.com\/index.php\/wp-json\/wp\/v2\/product_cat?post=479"},{"taxonomy":"product_tag","embeddable":true,"href":"https:\/\/t-inside.com\/index.php\/wp-json\/wp\/v2\/product_tag?post=479"}],"curies":[{"name":"wp","href":"https:\/\/api.w.org\/{rel}","templated":true}]}}