{"id":450,"date":"2023-11-18T16:56:11","date_gmt":"2023-11-18T16:56:11","guid":{"rendered":"https:\/\/t-inside.com\/?post_type=product&#038;p=450"},"modified":"2023-11-18T17:22:10","modified_gmt":"2023-11-18T17:22:10","slug":"skakanka-energetics-w-tubie-sprezynowa-zielona","status":"publish","type":"product","link":"https:\/\/t-inside.com\/index.php\/produkt\/skakanka-energetics-w-tubie-sprezynowa-zielona\/","title":{"rendered":"Skakanka ENERGETICS w tubie spr\u0119\u017cynowa &#8211; ZIELONA"},"content":{"rendered":"<section class=\"section\">\n<div class=\"item item-12\">\n<section class=\"text-item\">\n<h1>SKAKANKA ENERGETICS SPR\u0118\u017bYNOWA W TUBIE ZIELONA<\/h1>\n<\/section>\n<\/div>\n<\/section>\n<section class=\"section\">\n<div class=\"item item-12\">\n<section class=\"image-item\"><img decoding=\"async\" src=\"https:\/\/hurtownia.matisto.pl\/\/public\/upload\/sellasist_cache\/original_7eed12db928a6d5b9f662a16fdfd01cc-jpg.webp\" \/><\/section>\n<\/div>\n<\/section>\n<section class=\"section\">\n<div class=\"item item-12\">\n<section class=\"text-item\"><b>Skakanka Energetics to treningu wytrzyma\u0142o\u015bciowego.<\/b>Skakanka to jeden z podstawowych przyrz\u0105d\u00f3w dla dzieci do rozgrzewki przed treningiem lub turniejem<\/p>\n<p><b>TUBA W ZESTAWIE DO PRZECHOWYWANIA I PRZENOSZENIA BEZ PL\u0104TANIA<\/b><\/p>\n<p>Cienki, cz\u0119\u015bciowo elastyczny przew\u00f3d mo\u017cemy rozp\u0119dzi\u0107 do du\u017cych pr\u0119dko\u015bci. Minimalistyczne r\u0105czki dzia\u0142aj\u0105 r\u00f3wnie\u017c jako regulacja d\u0142ugo\u015bci skakanki.<\/p>\n<p>Szybka skakanka treningowa<\/p>\n<ul>\n<li>d\u0142ugo\u015b\u0107: 310 cm<\/li>\n<li>Materia\u0142y: PP, PVC<\/li>\n<\/ul>\n<p><b>Regulowana d\u0142ugo\u015b\u0107<\/b>\u00a0sprawia, \u017ce jest on odpowiedni dla ka\u017cdego sportowca, kt\u00f3ry chce przenie\u015b\u0107 sw\u00f3j trening na wy\u017cszy poziom.<\/p>\n<\/section>\n<\/div>\n<\/section>\n<section class=\"section\">\n<div class=\"item item-6\">\n<section class=\"image-item\"><img decoding=\"async\" src=\"https:\/\/hurtownia.matisto.pl\/\/public\/upload\/sellasist_cache\/original_a26717c1d438b95b7c869d400858d7ac-jpg.webp\" \/><\/section>\n<\/div>\n<div class=\"item item-6\">\n<section class=\"text-item\">Skakanka Energetics idealnie nadaje si\u0119 do treningu wytrzyma\u0142o\u015bciowego na trening, turniej lub w domu.<\/p>\n<ul>\n<li>P\u0142e\u0107:\u00a0uniseks<\/li>\n<li>Kategoria:\u00a0trening\/fitness<\/li>\n<li>Materia\u0142y:\u00a0PP, PVC<\/li>\n<li>Kolor: ZIELONY<\/li>\n<\/ul>\n<\/section>\n<\/div>\n<\/section>\n<section class=\"section\">\n<div class=\"item item-12\">\n<section class=\"text-item\"><img decoding=\"async\" src=\"https:\/\/hurtownia.matisto.pl\/\/public\/upload\/sellasist_cache\/original_b072a6a41ead0e98d93496e1f59a1f50-jpg.webp\" \/><\/section>\n<\/div>\n<\/section>\n<section class=\"section\">\n<div class=\"item item-12\"><\/div>\n<\/section>\n<section class=\"section\">\n<div class=\"item item-12\"><\/div>\n<\/section>\n","protected":false},"excerpt":{"rendered":"<p>SKAKANKA ENERGETICS SPR\u0118\u017bYNOWA W TUBIE ZIELONA Skakanka Energetics to treningu wytrzyma\u0142o\u015bciowego.Skakanka to jeden z podstawowych przyrz\u0105d\u00f3w dla dzieci do rozgrzewki przed treningiem lub turniejem TUBA W ZESTAWIE DO PRZECHOWYWANIA I PRZENOSZENIA BEZ PL\u0104TANIA Cienki, cz\u0119\u015bciowo elastyczny przew\u00f3d mo\u017cemy rozp\u0119dzi\u0107 do du\u017cych pr\u0119dko\u015bci. Minimalistyczne r\u0105czki dzia\u0142aj\u0105 r\u00f3wnie\u017c jako regulacja d\u0142ugo\u015bci skakanki. Szybka skakanka treningowa d\u0142ugo\u015b\u0107: 310 [&hellip;]<\/p>\n","protected":false},"featured_media":451,"comment_status":"open","ping_status":"closed","template":"","meta":{"_et_pb_use_builder":"","_et_pb_old_content":"","_et_gb_content_width":""},"product_brand":[],"product_cat":[15],"product_tag":[108,110,109],"class_list":{"0":"post-450","1":"product","2":"type-product","3":"status-publish","4":"has-post-thumbnail","6":"product_cat-akcesoria","7":"product_tag-skakanka","8":"product_tag-skakanka-dla-dzieci","9":"product_tag-skakanka-treningowa","11":"first","12":"instock","13":"shipping-taxable","14":"purchasable","15":"product-type-simple"},"_links":{"self":[{"href":"https:\/\/t-inside.com\/index.php\/wp-json\/wp\/v2\/product\/450","targetHints":{"allow":["GET"]}}],"collection":[{"href":"https:\/\/t-inside.com\/index.php\/wp-json\/wp\/v2\/product"}],"about":[{"href":"https:\/\/t-inside.com\/index.php\/wp-json\/wp\/v2\/types\/product"}],"replies":[{"embeddable":true,"href":"https:\/\/t-inside.com\/index.php\/wp-json\/wp\/v2\/comments?post=450"}],"wp:featuredmedia":[{"embeddable":true,"href":"https:\/\/t-inside.com\/index.php\/wp-json\/wp\/v2\/media\/451"}],"wp:attachment":[{"href":"https:\/\/t-inside.com\/index.php\/wp-json\/wp\/v2\/media?parent=450"}],"wp:term":[{"taxonomy":"product_brand","embeddable":true,"href":"https:\/\/t-inside.com\/index.php\/wp-json\/wp\/v2\/product_brand?post=450"},{"taxonomy":"product_cat","embeddable":true,"href":"https:\/\/t-inside.com\/index.php\/wp-json\/wp\/v2\/product_cat?post=450"},{"taxonomy":"product_tag","embeddable":true,"href":"https:\/\/t-inside.com\/index.php\/wp-json\/wp\/v2\/product_tag?post=450"}],"curies":[{"name":"wp","href":"https:\/\/api.w.org\/{rel}","templated":true}]}}