{"id":442,"date":"2023-11-17T13:38:51","date_gmt":"2023-11-17T13:38:51","guid":{"rendered":"https:\/\/t-inside.com\/?post_type=product&#038;p=442"},"modified":"2023-11-17T13:44:00","modified_gmt":"2023-11-17T13:44:00","slug":"naciag-tenisowy-babolat-rpm-team-blue-12m-125mm","status":"publish","type":"product","link":"https:\/\/t-inside.com\/index.php\/produkt\/naciag-tenisowy-babolat-rpm-team-blue-12m-125mm\/","title":{"rendered":"Naci\u0105g tenisowy BABOLAT RPM Team Blue 12m 1,25mm"},"content":{"rendered":"<section class=\"section\">\n<div class=\"item item-12\">\n<section class=\"text-item\">\n<h2>Naci\u0105g tenisowy BABOLAT RPM Team Blue 12m 1,25mm<\/h2>\n<\/section>\n<\/div>\n<\/section>\n<section class=\"section\">\n<div class=\"item item-12\">\n<section class=\"image-item\">RPM Team to naci\u0105g o specjalnej, zmi\u0119kczonej konstrukcji. Jest wykonany z poliestru o zmniejszonej g\u0119sto\u015bci, dzi\u0119ki czemu nabiera elastyczno\u015bci gwarantuj\u0105cej dodatkow\u0105 si\u0142\u0119 uderzenia i komfort. Oktagonalna konstrukcja sprawia, \u017ce bardzo \u0142atwo zagra\u0107 nim pi\u0142ki z rotacj\u0105.<\/section>\n<section><\/section>\n<section class=\"image-item\">Naci\u0105g monofilamentowy<\/section>\n<section class=\"image-item\">Kolor naci\u0105gu: niebieski<\/p>\n<p>Jest to jeden z najcz\u0119\u015bciej wybieranych naci\u0105g\u00f3w w\u015br\u00f3d zawodnik\u00f3w ATP i WTA, cz\u0119sto stosowany r\u00f3wnie\u017c w hybrydzie z naci\u0105giem naturalnym. Graj\u0105 nim m.in. by\u0142e nr 1 kobiecego ranking: Karolina Pliskova i Garbine Muguruza, a z m\u0119\u017cczyzn m.in. Benoit Paire, Jack Sock i Jo-Wilfried Tsonga.<\/p>\n<ul>\n<li>wi\u0119ksza si\u0142a uderzenia &#8211; szybciej sko\u0144cz rywala<\/li>\n<li>bardziej komfortowy ni\u017c wi\u0119kszo\u015b\u0107 naci\u0105g\u00f3w poliestrowych &#8211; graj z przyjemno\u015bci\u0105 i wi\u0119kszym bezpiecze\u0144stwem dla r\u0119ki<\/li>\n<li>z \u0142atwo\u015bci\u0105 nadawaj rotacj\u0119 &#8211; zdominuj dzi\u0119ki temu rywali<\/li>\n<li>bardzo dobra wytrzyma\u0142o\u015b\u0107, typowa dla naci\u0105g\u00f3w poliestrowych &#8211; rzadziej wymieniaj struny<\/li>\n<li>stosowany przez wielu zawodnik\u00f3w ATP i WTA &#8211; graj tym, czym najlepsi na \u015bwiecie<\/li>\n<li>produkowany w fabryce Babolat we Francji &#8211; gwarancja najwy\u017cszej jako\u015bci<\/li>\n<\/ul>\n<p>RPM Team polecamy cz\u0119sto zrywaj\u0105cym struny zawodnikom turniejowym i dobrym amatorom, kt\u00f3ry potrzebuj\u0105 dodatkowej si\u0142y i topspinu. Znakomicie pasuje do rakiet z serii Pure Aero, Pure Drive oraz Pure Strike. Dzi\u0119ki wi\u0119kszej elastyczno\u015bci mog\u0105 nim gra\u0107 juniorzy, a nawet gracze rekreacyjni nie maj\u0105cy problem\u00f3w z tzw. \u0142okciem tenisisty.<\/section>\n<\/div>\n<\/section>\n<section class=\"section\">\n<div class=\"item item-6\">\n<section class=\"image-item\"><\/section>\n<\/div>\n<div class=\"item item-6\">\n<section class=\"text-item\"><b>W\u0142a\u015bciwo\u015bci naci\u0105gu:<\/b>Najwa\u017cniejsze w\u0142a\u015bciwo\u015bci (skala 1-5):<br \/>\n&#8211; kontrola: 4\/5<br \/>\n&#8211; rotacja: 4,5\/5<br \/>\n&#8211; wytrzyma\u0142o\u015b\u0107: 4,5\/5<br \/>\n&#8211; komfort: 2\/5<\/p>\n<p>&nbsp;<\/p>\n<\/section>\n<\/div>\n<\/section>\n","protected":false},"excerpt":{"rendered":"<p>Naci\u0105g tenisowy BABOLAT RPM Team Blue 12m 1,25mm RPM Team to naci\u0105g o specjalnej, zmi\u0119kczonej konstrukcji. Jest wykonany z poliestru o zmniejszonej g\u0119sto\u015bci, dzi\u0119ki czemu nabiera elastyczno\u015bci gwarantuj\u0105cej dodatkow\u0105 si\u0142\u0119 uderzenia i komfort. Oktagonalna konstrukcja sprawia, \u017ce bardzo \u0142atwo zagra\u0107 nim pi\u0142ki z rotacj\u0105. Naci\u0105g monofilamentowy Kolor naci\u0105gu: niebieski Jest to jeden z najcz\u0119\u015bciej wybieranych [&hellip;]<\/p>\n","protected":false},"featured_media":443,"comment_status":"open","ping_status":"closed","template":"","meta":{"_et_pb_use_builder":"","_et_pb_old_content":"","_et_gb_content_width":""},"product_brand":[],"product_cat":[15],"product_tag":[103,107,47,54],"class_list":{"0":"post-442","1":"product","2":"type-product","3":"status-publish","4":"has-post-thumbnail","6":"product_cat-akcesoria","7":"product_tag-naciag-babolat","8":"product_tag-naciag-babolat-spin","9":"product_tag-naciag-dla-doroslych","10":"product_tag-naciag-monofilamentowy","12":"first","13":"instock","14":"shipping-taxable","15":"purchasable","16":"product-type-simple"},"_links":{"self":[{"href":"https:\/\/t-inside.com\/index.php\/wp-json\/wp\/v2\/product\/442","targetHints":{"allow":["GET"]}}],"collection":[{"href":"https:\/\/t-inside.com\/index.php\/wp-json\/wp\/v2\/product"}],"about":[{"href":"https:\/\/t-inside.com\/index.php\/wp-json\/wp\/v2\/types\/product"}],"replies":[{"embeddable":true,"href":"https:\/\/t-inside.com\/index.php\/wp-json\/wp\/v2\/comments?post=442"}],"wp:featuredmedia":[{"embeddable":true,"href":"https:\/\/t-inside.com\/index.php\/wp-json\/wp\/v2\/media\/443"}],"wp:attachment":[{"href":"https:\/\/t-inside.com\/index.php\/wp-json\/wp\/v2\/media?parent=442"}],"wp:term":[{"taxonomy":"product_brand","embeddable":true,"href":"https:\/\/t-inside.com\/index.php\/wp-json\/wp\/v2\/product_brand?post=442"},{"taxonomy":"product_cat","embeddable":true,"href":"https:\/\/t-inside.com\/index.php\/wp-json\/wp\/v2\/product_cat?post=442"},{"taxonomy":"product_tag","embeddable":true,"href":"https:\/\/t-inside.com\/index.php\/wp-json\/wp\/v2\/product_tag?post=442"}],"curies":[{"name":"wp","href":"https:\/\/api.w.org\/{rel}","templated":true}]}}