{"id":433,"date":"2023-11-17T13:02:01","date_gmt":"2023-11-17T13:02:01","guid":{"rendered":"https:\/\/t-inside.com\/?post_type=product&#038;p=433"},"modified":"2023-12-19T13:49:49","modified_gmt":"2023-12-19T13:49:49","slug":"naciag-tenisowy-babolat-comfort-addixion-12m-125mm","status":"publish","type":"product","link":"https:\/\/t-inside.com\/index.php\/produkt\/naciag-tenisowy-babolat-comfort-addixion-12m-125mm\/","title":{"rendered":"Naci\u0105g tenisowy BABOLAT COMFORT ADDIXION 12m 1,25mm"},"content":{"rendered":"<section class=\"section\">\n<div class=\"item item-12\">\n<section class=\"text-item\">\n<h2>NACI\u0104G TENISOWY ADDIXION BABOLAT COMFORT 12m 1,25mm<\/h2>\n<\/section>\n<\/div>\n<\/section>\n<section class=\"section\">\n<div class=\"item item-12\">\n<section class=\"image-item\">Naci\u0105g wielow\u0142\u00f3knisty polecany do rakiet dla dzieci.<\/section>\n<\/div>\n<section>Kolor naci\u0105gu &#8211; naturalny<\/section>\n<\/section>\n<section class=\"section\">\n<div class=\"item item-12\">\n<section class=\"text-item\"><b>Babolat Addixion<\/b>\u00a0to bardzo\u00a0komfortowy\u00a0naci\u0105g syntetyczny. Daje r\u00f3wnie\u017c dobr\u0105 si\u0142\u0119 uderzenia (jest elastyczny) oraz wytrzyma\u0142o\u015b\u0107. Polecany dla\u00a0rekreacyjnych tenisist\u00f3w\u00a0graj\u0105cych p\u0142askie uderzenia.\u00a0Produkowany we Francji\u00a0&#8211; gwarancja najwy\u017cszej jako\u015bci.<b>Babolat Addixion: korzy\u015bci dla Ciebie<\/b><\/p>\n<ul>\n<li>komfort\u00a0gry &#8211; odbijaj pi\u0142ki z wyj\u0105tkow\u0105 przyjemno\u015bci\u0105 nawet przez d\u0142u\u017cszy czas<\/li>\n<li>dobra\u00a0si\u0142a\u00a0uderzenia &#8211; dzi\u0119ki elastyczno\u015bci naci\u0105gu zagrasz mocniej przy mniejszym wk\u0142adzie w\u0142asnej si\u0142y<\/li>\n<li>bezpieczny dla r\u0119ki\u00a0&#8211; bardzo dobre t\u0142umienie drga\u0144<\/li>\n<\/ul>\n<\/section>\n<\/div>\n<\/section>\n<section class=\"section\">\n<div class=\"item item-6\">\n<section class=\"image-item\"><img decoding=\"async\" src=\"https:\/\/hurtownia.matisto.pl\/\/public\/upload\/sellasist_cache\/original_4404b78ee15e92701aba9dd704cd2ed3-jpg.webp\" \/><\/section>\n<\/div>\n<div class=\"item item-6\">\n<section class=\"text-item\"><b>W\u0142a\u015bciwo\u015bci naci\u0105gu:<\/b><\/p>\n<ul>\n<li>Czucie \/ komfort:\u00a04,5\/6<\/li>\n<li>Si\u0142a uderzenia:\u00a04\/6<\/li>\n<li>Wytrzyma\u0142o\u015b\u0107:\u00a04\/6<\/li>\n<\/ul>\n<p>Babolat Addixion to nowa wersja naci\u0105gu Babolat Addiction sprzedawanego przed 2020 rokiem. Zmieni\u0142o si\u0119 tylko pude\u0142ko i nazwa, sam naci\u0105g pozosta\u0142 dok\u0142adnie taki sam.<\/p>\n<\/section>\n<\/div>\n<\/section>\n","protected":false},"excerpt":{"rendered":"<p>NACI\u0104G TENISOWY ADDIXION BABOLAT COMFORT 12m 1,25mm Naci\u0105g wielow\u0142\u00f3knisty polecany do rakiet dla dzieci. Kolor naci\u0105gu &#8211; naturalny Babolat Addixion\u00a0to bardzo\u00a0komfortowy\u00a0naci\u0105g syntetyczny. Daje r\u00f3wnie\u017c dobr\u0105 si\u0142\u0119 uderzenia (jest elastyczny) oraz wytrzyma\u0142o\u015b\u0107. Polecany dla\u00a0rekreacyjnych tenisist\u00f3w\u00a0graj\u0105cych p\u0142askie uderzenia.\u00a0Produkowany we Francji\u00a0&#8211; gwarancja najwy\u017cszej jako\u015bci.Babolat Addixion: korzy\u015bci dla Ciebie komfort\u00a0gry &#8211; odbijaj pi\u0142ki z wyj\u0105tkow\u0105 przyjemno\u015bci\u0105 nawet przez d\u0142u\u017cszy [&hellip;]<\/p>\n","protected":false},"featured_media":434,"comment_status":"open","ping_status":"closed","template":"","meta":{"_et_pb_use_builder":"","_et_pb_old_content":"","_et_gb_content_width":""},"product_brand":[],"product_cat":[15],"product_tag":[103,104,47,100,101,43,102,41,50],"class_list":{"0":"post-433","1":"product","2":"type-product","3":"status-publish","4":"has-post-thumbnail","6":"product_cat-akcesoria","7":"product_tag-naciag-babolat","8":"product_tag-naciag-babolat-comfort-addixiondo-lat-14","9":"product_tag-naciag-dla-doroslych","10":"product_tag-naciag-do-rakiet-dla-dzieci","11":"product_tag-naciag-juniorski","12":"product_tag-naciag-snauwaert","13":"product_tag-naciag-tenisowy","14":"product_tag-naciag-wielowloknisty","15":"product_tag-naciag-yellow-beam","17":"first","18":"instock","19":"shipping-taxable","20":"purchasable","21":"product-type-simple"},"_links":{"self":[{"href":"https:\/\/t-inside.com\/index.php\/wp-json\/wp\/v2\/product\/433","targetHints":{"allow":["GET"]}}],"collection":[{"href":"https:\/\/t-inside.com\/index.php\/wp-json\/wp\/v2\/product"}],"about":[{"href":"https:\/\/t-inside.com\/index.php\/wp-json\/wp\/v2\/types\/product"}],"replies":[{"embeddable":true,"href":"https:\/\/t-inside.com\/index.php\/wp-json\/wp\/v2\/comments?post=433"}],"wp:featuredmedia":[{"embeddable":true,"href":"https:\/\/t-inside.com\/index.php\/wp-json\/wp\/v2\/media\/434"}],"wp:attachment":[{"href":"https:\/\/t-inside.com\/index.php\/wp-json\/wp\/v2\/media?parent=433"}],"wp:term":[{"taxonomy":"product_brand","embeddable":true,"href":"https:\/\/t-inside.com\/index.php\/wp-json\/wp\/v2\/product_brand?post=433"},{"taxonomy":"product_cat","embeddable":true,"href":"https:\/\/t-inside.com\/index.php\/wp-json\/wp\/v2\/product_cat?post=433"},{"taxonomy":"product_tag","embeddable":true,"href":"https:\/\/t-inside.com\/index.php\/wp-json\/wp\/v2\/product_tag?post=433"}],"curies":[{"name":"wp","href":"https:\/\/api.w.org\/{rel}","templated":true}]}}