{"id":411,"date":"2023-11-14T17:58:37","date_gmt":"2023-11-14T17:58:37","guid":{"rendered":"https:\/\/t-inside.com\/?post_type=product&#038;p=411"},"modified":"2023-11-14T18:30:39","modified_gmt":"2023-11-14T18:30:39","slug":"owijki-air-a-tack-3szt-zolta","status":"publish","type":"product","link":"https:\/\/t-inside.com\/index.php\/produkt\/owijki-air-a-tack-3szt-zolta\/","title":{"rendered":"Owijki AIR A-TACK &#8211; 3szt &#8211; \u017c\u00f3\u0142ta"},"content":{"rendered":"<p>Owijki AIR A-TACK &#8211; 3szt<\/p>\n<p>Air A-tack 3 -pak zawiera 3 owijki na r\u0119koje\u015b\u0107, aby zawsze mie\u0107 zapasowe przy sobie. Air A-Tack charakteryzuje si\u0119 wielowarstwow\u0105 i wieloperforowan\u0105 powierzchni\u0105,\u00a0aby rakieta przylega\u0142a do Twojej d\u0142oni w ka\u017cdych warunkach. Zapewnia najwi\u0119ksz\u0105 kontrol\u0119 i przyczepno\u015b\u0107 d\u0142oni do r\u0105czki rakietowej spo\u015br\u00f3d wszystkich dost\u0119pnych na rynku! &#8222;Super lepki&#8221;<\/p>\n<p>Owijka w kolorze bia\u0142ym.<\/p>\n","protected":false},"excerpt":{"rendered":"<p>Owijki AIR A-TACK &#8211; 3szt Air A-tack 3 -pak zawiera 3 owijki na r\u0119koje\u015b\u0107, aby zawsze mie\u0107 zapasowe przy sobie. Air A-Tack charakteryzuje si\u0119 wielowarstwow\u0105 i wieloperforowan\u0105 powierzchni\u0105,\u00a0aby rakieta przylega\u0142a do Twojej d\u0142oni w ka\u017cdych warunkach. Zapewnia najwi\u0119ksz\u0105 kontrol\u0119 i przyczepno\u015b\u0107 d\u0142oni do r\u0105czki rakietowej spo\u015br\u00f3d wszystkich dost\u0119pnych na rynku! &#8222;Super lepki&#8221; Owijka w kolorze [&hellip;]<\/p>\n","protected":false},"featured_media":412,"comment_status":"open","ping_status":"closed","template":"","meta":{"_et_pb_use_builder":"","_et_pb_old_content":"","_et_gb_content_width":""},"product_brand":[],"product_cat":[15],"product_tag":[57,56],"class_list":{"0":"post-411","1":"product","2":"type-product","3":"status-publish","4":"has-post-thumbnail","6":"product_cat-akcesoria","7":"product_tag-owijka-do-rakiet-tenisowych","8":"product_tag-owijka-snauwaert","10":"first","11":"instock","12":"featured","13":"shipping-taxable","14":"purchasable","15":"product-type-simple"},"_links":{"self":[{"href":"https:\/\/t-inside.com\/index.php\/wp-json\/wp\/v2\/product\/411","targetHints":{"allow":["GET"]}}],"collection":[{"href":"https:\/\/t-inside.com\/index.php\/wp-json\/wp\/v2\/product"}],"about":[{"href":"https:\/\/t-inside.com\/index.php\/wp-json\/wp\/v2\/types\/product"}],"replies":[{"embeddable":true,"href":"https:\/\/t-inside.com\/index.php\/wp-json\/wp\/v2\/comments?post=411"}],"wp:featuredmedia":[{"embeddable":true,"href":"https:\/\/t-inside.com\/index.php\/wp-json\/wp\/v2\/media\/412"}],"wp:attachment":[{"href":"https:\/\/t-inside.com\/index.php\/wp-json\/wp\/v2\/media?parent=411"}],"wp:term":[{"taxonomy":"product_brand","embeddable":true,"href":"https:\/\/t-inside.com\/index.php\/wp-json\/wp\/v2\/product_brand?post=411"},{"taxonomy":"product_cat","embeddable":true,"href":"https:\/\/t-inside.com\/index.php\/wp-json\/wp\/v2\/product_cat?post=411"},{"taxonomy":"product_tag","embeddable":true,"href":"https:\/\/t-inside.com\/index.php\/wp-json\/wp\/v2\/product_tag?post=411"}],"curies":[{"name":"wp","href":"https:\/\/api.w.org\/{rel}","templated":true}]}}