{"id":362,"date":"2023-10-07T17:49:22","date_gmt":"2023-10-07T17:49:22","guid":{"rendered":"https:\/\/t-inside.com\/?post_type=product&#038;p=362"},"modified":"2023-11-14T17:04:44","modified_gmt":"2023-11-14T17:04:44","slug":"recznik-duzy-z-mikrofibry-grawer-limonkowy","status":"publish","type":"product","link":"https:\/\/t-inside.com\/index.php\/produkt\/recznik-duzy-z-mikrofibry-grawer-limonkowy\/","title":{"rendered":"R\u0119cznik du\u017cy z mikrofibry &#8211; z personalizacj\u0105 &#8211; limonkowy"},"content":{"rendered":"<div class=\"margin-top-10\">\n<div class=\"product-description-title\">Opis:<\/div>\n<div>Pozw\u00f3l swojemu dziecku na troch\u0119 indywidualno\u015bci &#8211; personalizowany r\u0119cznik to idealny spos\u00f3b aby wyr\u00f3\u017cni\u0107 si\u0119 z t\u0142umu .<\/div>\n<div>R\u0119cznik personalizowany technik\u0105 graweru laserowego.<\/div>\n<div>Grawer z motywem tenisowym wraz z logiem T-inside oraz Imieniem lub ksywk\u0105 dziecka.<\/div>\n<div>W przypadku personalizacji termin wykonania do 5-7 dni<\/div>\n<div>Je\u015bli potrzebujesz r\u0119cznik r\u00f3wnie\u017c dla siebie &#8211; to zakup b\u0119dzie r\u00f3wnie\u017c trafionym produktem dla w\u0142asnych potrzeb.<\/div>\n<\/div>\n<div>Jak zamawiamy?\u00a0 Wystarczy podczas zakupu wpisa\u0107 tre\u015b\u0107 personalizacji np imi\u0119, ksywa lub inny tekst.<\/div>\n<div><\/div>\n<div>Widoczno\u015b\u0107 graweru r\u00f3\u017cni si\u0119 od samej kolorystyki r\u0119cznika. Na jednym kolorze r\u0119cznika grawer mo\u017ce by\u0107 dyskretny a na innym bardziej intensywny<\/div>\n<div><\/div>\n<div class=\"margin-top-10\">\n<div id=\"product-description\" class=\"text-muted\" data-edit=\"opis\">\n<div>Wybierasz si\u0119 na trening tenisowy, p\u0142ywalni\u0119, si\u0142owni\u0119, a mo\u017ce wyje\u017cd\u017casz na wakacje? W ka\u017cdej sytuacji przyda Ci si\u0119 praktyczny i lekki szybkoschn\u0105cy r\u0119cznik z mikrofibry o du\u017cych wymiarach. R\u0119cznik z mikrofibry zaskoczy Ci\u0119 niesamowitymi w\u0142a\u015bciwo\u015bciami: wyj\u0105tkow\u0105 ch\u0142onno\u015bci\u0105, mi\u0119kko\u015bci\u0105, wytrzyma\u0142o\u015bci\u0105 i kr\u00f3tkim czasem schni\u0119cia. Ponadto jest lekki, przez co zajmuje niewiele miejsca, dlatego doskonale nadaje si\u0119 na basen, si\u0142owni\u0119, fitness i ka\u017cdy inny trening, doskonale sprawdza si\u0119 tak\u017ce na campingu, w podr\u00f3\u017cy i na pla\u017cy. Ka\u017cdy r\u0119cznik obszyty jest kontrastuj\u0105c\u0105, estetyczn\u0105 lam\u00f3wk\u0105. Zapraszamy!<\/div>\n<p><strong>Dane techniczne:<\/strong><\/p>\n<p>szeroko\u015b\u0107: 80 cm<br \/>\nd\u0142ugo\u015b\u0107: 160 cm<br \/>\nsk\u0142ad: 100% poliester &#8211; mikrofibra<br \/>\ngramatura: 380 g\/m<sup>2<\/sup><\/p>\n<\/div>\n<\/div>\n<div class=\"margin-top-20\">\n<p>Odcie\u0144 r\u0119cznika mo\u017ce si\u0119 r\u00f3\u017cni\u0107 w stosunku do przedstawianych zdj\u0119\u0107.<\/p>\n<p><strong>R\u0119czniki z mikrofibry\u00a0 &#8211; jak pra\u0107?<\/strong><\/p>\n<p>\u017beby r\u0119cznik z mikrofibry zachowa\u0142 swoje w\u0142a\u015bciwo\u015bci przez d\u0142ugi czas, nale\u017cy zadba\u0107 o jego w\u0142a\u015bciw\u0105 piel\u0119gnacj\u0119. Mo\u017cna go pra\u0107 w pralkach automatycznych, ale przy zachowaniu pewnych \u015brodk\u00f3w ostro\u017cno\u015bci.<\/p>\n<p>Istotna jest przede wszystkim odpowiednia temperatura, kt\u00f3ra nie powinna przekracza\u0107 40-50 st. Celsjusza. Stosowa\u0107 nale\u017cy wy\u0142\u0105cznie delikatne \u015brodki pior\u0105ce. Co wa\u017cne, zabrania si\u0119 u\u017cywania wybielaczy i detergent\u00f3w zmi\u0119kczaj\u0105cych. Mog\u0105 one bowiem negatywnie wp\u0142yn\u0105\u0107 na \u017cywotno\u015b\u0107 mikrow\u0142\u00f3kien. Po wypraniu r\u0119cznik z mikrofibry nale\u017cy dobrze wyp\u0142uka\u0107 w zimnej wodzie i pozostawi\u0107 do wyschni\u0119cia w temperaturze pokojowej. Co wi\u0119cej, r\u0119cznik\u00f3w z mikrofibry nie powinno si\u0119 prasowa\u0107.<\/p>\n<\/div>\n","protected":false},"excerpt":{"rendered":"<p>Opis: Pozw\u00f3l swojemu dziecku na troch\u0119 indywidualno\u015bci &#8211; personalizowany r\u0119cznik to idealny spos\u00f3b aby wyr\u00f3\u017cni\u0107 si\u0119 z t\u0142umu . R\u0119cznik personalizowany technik\u0105 graweru laserowego. Grawer z motywem tenisowym wraz z logiem T-inside oraz Imieniem lub ksywk\u0105 dziecka. W przypadku personalizacji termin wykonania do 5-7 dni Je\u015bli potrzebujesz r\u0119cznik r\u00f3wnie\u017c dla siebie &#8211; to zakup b\u0119dzie [&hellip;]<\/p>\n","protected":false},"featured_media":387,"comment_status":"open","ping_status":"closed","template":"","meta":{"_et_pb_use_builder":"","_et_pb_old_content":"","_et_gb_content_width":""},"product_brand":[],"product_cat":[31],"product_tag":[37,36,38,39,32,34,35,33],"class_list":{"0":"post-362","1":"product","2":"type-product","3":"status-publish","4":"has-post-thumbnail","6":"product_cat-reczniki","7":"product_tag-recznik-neonowy","8":"product_tag-recznik-promocyjny","9":"product_tag-recznik-sportowy","10":"product_tag-recznik-tenisowy","11":"product_tag-recznik-z-logo","12":"product_tag-recznik-z-mikrofibry-plaskiej","13":"product_tag-reczniki-reklamowe","14":"product_tag-reczniki-z-personalizacja","16":"first","17":"instock","18":"shipping-taxable","19":"purchasable","20":"product-type-simple"},"_links":{"self":[{"href":"https:\/\/t-inside.com\/index.php\/wp-json\/wp\/v2\/product\/362","targetHints":{"allow":["GET"]}}],"collection":[{"href":"https:\/\/t-inside.com\/index.php\/wp-json\/wp\/v2\/product"}],"about":[{"href":"https:\/\/t-inside.com\/index.php\/wp-json\/wp\/v2\/types\/product"}],"replies":[{"embeddable":true,"href":"https:\/\/t-inside.com\/index.php\/wp-json\/wp\/v2\/comments?post=362"}],"wp:featuredmedia":[{"embeddable":true,"href":"https:\/\/t-inside.com\/index.php\/wp-json\/wp\/v2\/media\/387"}],"wp:attachment":[{"href":"https:\/\/t-inside.com\/index.php\/wp-json\/wp\/v2\/media?parent=362"}],"wp:term":[{"taxonomy":"product_brand","embeddable":true,"href":"https:\/\/t-inside.com\/index.php\/wp-json\/wp\/v2\/product_brand?post=362"},{"taxonomy":"product_cat","embeddable":true,"href":"https:\/\/t-inside.com\/index.php\/wp-json\/wp\/v2\/product_cat?post=362"},{"taxonomy":"product_tag","embeddable":true,"href":"https:\/\/t-inside.com\/index.php\/wp-json\/wp\/v2\/product_tag?post=362"}],"curies":[{"name":"wp","href":"https:\/\/api.w.org\/{rel}","templated":true}]}}