{"id":356,"date":"2023-10-07T17:42:23","date_gmt":"2023-10-07T17:42:23","guid":{"rendered":"https:\/\/t-inside.com\/?post_type=product&#038;p=356"},"modified":"2023-11-14T18:28:37","modified_gmt":"2023-11-14T18:28:37","slug":"recznik-z-mikrofibry-pluszowej-grawer-grafitowy","status":"publish","type":"product","link":"https:\/\/t-inside.com\/index.php\/produkt\/recznik-z-mikrofibry-pluszowej-grawer-grafitowy\/","title":{"rendered":"R\u0119cznik z mikrofibry pluszowej &#8211; grawer &#8211; grafitowy"},"content":{"rendered":"<div class=\"margin-top-10\">\n<div class=\"product-description-title\">Opis:<\/div>\n<div>Pozw\u00f3l swojemu dziecku na troch\u0119 indywidualno\u015bci &#8211; personalizowany r\u0119cznik to idealny spos\u00f3b aby wyr\u00f3\u017cni\u0107 si\u0119 z t\u0142umu .<\/div>\n<div>R\u0119cznik personalizowany technik\u0105 graweru laserowego.<\/div>\n<div>Grawer z motywem tenisowym wraz z logiem T-inside oraz Imieniem lub ksywk\u0105 dziecka.<\/div>\n<div>W przypadku personalizacji termin wykonania do 5-7 dni<\/div>\n<div>Je\u015bli potrzebujesz r\u0119cznik r\u00f3wnie\u017c dla siebie &#8211; to zakup b\u0119dzie r\u00f3wnie\u017c trafionym produktem dla w\u0142asnych potrzeb.<\/div>\n<\/div>\n<div>Jak zamawiamy?\u00a0 Wystarczy podczas zakupu wpisa\u0107 tre\u015b\u0107 personalizacji np imi\u0119, ksywa lub inny tekst.<\/div>\n<div><\/div>\n<div>Widoczno\u015b\u0107 graweru r\u00f3\u017cni si\u0119 od samej kolorystyki r\u0119cznika. Na jednym kolorze r\u0119cznika grawer mo\u017ce by\u0107 dyskretny a na innym bardziej intensywny<\/div>\n<div class=\"margin-top-10\">\n<div id=\"product-description\" class=\"text-muted\" data-edit=\"opis\">\n<p>R\u0119cznik z mikrofibry pluszowej<\/p>\n<\/div>\n<\/div>\n<div class=\"margin-top-20\">\n<div class=\"product-description-title\">\n<p>Szukasz r\u0119cznika, kt\u00f3ry\u00a0potrafi wch\u0142on\u0105\u0107 trzy razy wi\u0119cej wody ni\u017c r\u0119cznik bawe\u0142niany o tej samej gramaturze?<strong> Szybkoschn\u0105cy r\u0119cznik <\/strong>\u00a0zaskoczy Ci\u0119 niezwyk\u0142ymi w\u0142a\u015bciwo\u015bciami!\u00a0 Wykonany\u00a0<strong>z ch\u0142onnej mikrofibry<\/strong>\u00a0posiada niezwyk\u0142e cechy:\u00a0<strong>idealnie absorbuje wilgo\u0107<\/strong>,\u00a0 schnie du\u017co szybciej ni\u017c r\u0119cznik z bawe\u0142ny, jest\u00a0\u00a0<strong>mi\u0119kki, spr\u0119\u017cysty, wytrzyma\u0142y i lekki.<\/strong>\u00a0Mikrofibra\u00a0<strong>ma w\u0142a\u015bciwo\u015bci antybakteryjne\u00a0<\/strong>i nie powoduje podra\u017cnie\u0144 ani uczule\u0144.\u00a0 Mimo i\u017c jest cie\u0144szy ni\u017c tradycyjne r\u0119czniki bawe\u0142niane, schnie du\u017co szybciej i jest bardziej ch\u0142onny, a ponadto\u00a0<strong>zajmuje ma\u0142o miejsca w baga\u017cu.<\/strong> Ze wzgl\u0119du na te w\u0142a\u015bciwo\u015bci, doskonale nadaje si\u0119 na trening lub turniej tenisowy, basen, si\u0142owni\u0119, zaj\u0119cia fitness i ka\u017cdy inny trening. Doskonale sprawdza si\u0119 tak\u017ce na\u00a0 campingu czy\u00a0 pla\u017cy oraz w d\u0142u\u017cszych i kr\u00f3tszych podr\u00f3\u017cach.<\/p>\n<p><strong>Dane techniczne:<\/strong><br \/>\nszeroko\u015b\u0107:\u00a050 cm<br \/>\nd\u0142ugo\u015b\u0107:\u00a090 cm<br \/>\nsk\u0142ad:\u00a0100% poliester<br \/>\ngramatura:\u00a0380 g\/m<sup>2<\/sup><\/p>\n<\/div>\n<\/div>\n<div class=\"margin-top-20\">\n<p><strong>R\u0119czniki z mikrofibry\u00a0 &#8211; jak pra\u0107?<\/strong><\/p>\n<p>\u017beby r\u0119cznik z mikrofibry zachowa\u0142 swoje w\u0142a\u015bciwo\u015bci przez d\u0142ugi czas, nale\u017cy zadba\u0107 o jego w\u0142a\u015bciw\u0105 piel\u0119gnacj\u0119. Mo\u017cna go pra\u0107 w pralkach automatycznych, ale przy zachowaniu pewnych \u015brodk\u00f3w ostro\u017cno\u015bci.<\/p>\n<p>Istotna jest przede wszystkim odpowiednia temperatura, kt\u00f3ra nie powinna przekracza\u0107 40-50 st. Celsjusza. Stosowa\u0107 nale\u017cy wy\u0142\u0105cznie delikatne \u015brodki pior\u0105ce. Co wa\u017cne, zabrania si\u0119 u\u017cywania wybielaczy i detergent\u00f3w zmi\u0119kczaj\u0105cych. Mog\u0105 one bowiem negatywnie wp\u0142yn\u0105\u0107 na \u017cywotno\u015b\u0107 mikrow\u0142\u00f3kien. Po wypraniu r\u0119cznik z mikrofibry nale\u017cy dobrze wyp\u0142uka\u0107 w zimnej wodzie i pozostawi\u0107 do wyschni\u0119cia w temperaturze pokojowej. Co wi\u0119cej, r\u0119cznik\u00f3w z mikrofibry nie powinno si\u0119 prasowa\u0107.<\/p>\n<\/div>\n","protected":false},"excerpt":{"rendered":"<p>Opis: Pozw\u00f3l swojemu dziecku na troch\u0119 indywidualno\u015bci &#8211; personalizowany r\u0119cznik to idealny spos\u00f3b aby wyr\u00f3\u017cni\u0107 si\u0119 z t\u0142umu . R\u0119cznik personalizowany technik\u0105 graweru laserowego. Grawer z motywem tenisowym wraz z logiem T-inside oraz Imieniem lub ksywk\u0105 dziecka. W przypadku personalizacji termin wykonania do 5-7 dni Je\u015bli potrzebujesz r\u0119cznik r\u00f3wnie\u017c dla siebie &#8211; to zakup b\u0119dzie [&hellip;]<\/p>\n","protected":false},"featured_media":357,"comment_status":"open","ping_status":"closed","template":"","meta":{"_et_pb_use_builder":"","_et_pb_old_content":"","_et_gb_content_width":""},"product_brand":[],"product_cat":[31],"product_tag":[37,36,38,39,32,34,35,33],"class_list":{"0":"post-356","1":"product","2":"type-product","3":"status-publish","4":"has-post-thumbnail","6":"product_cat-reczniki","7":"product_tag-recznik-neonowy","8":"product_tag-recznik-promocyjny","9":"product_tag-recznik-sportowy","10":"product_tag-recznik-tenisowy","11":"product_tag-recznik-z-logo","12":"product_tag-recznik-z-mikrofibry-plaskiej","13":"product_tag-reczniki-reklamowe","14":"product_tag-reczniki-z-personalizacja","16":"first","17":"instock","18":"featured","19":"shipping-taxable","20":"purchasable","21":"product-type-simple"},"_links":{"self":[{"href":"https:\/\/t-inside.com\/index.php\/wp-json\/wp\/v2\/product\/356","targetHints":{"allow":["GET"]}}],"collection":[{"href":"https:\/\/t-inside.com\/index.php\/wp-json\/wp\/v2\/product"}],"about":[{"href":"https:\/\/t-inside.com\/index.php\/wp-json\/wp\/v2\/types\/product"}],"replies":[{"embeddable":true,"href":"https:\/\/t-inside.com\/index.php\/wp-json\/wp\/v2\/comments?post=356"}],"wp:featuredmedia":[{"embeddable":true,"href":"https:\/\/t-inside.com\/index.php\/wp-json\/wp\/v2\/media\/357"}],"wp:attachment":[{"href":"https:\/\/t-inside.com\/index.php\/wp-json\/wp\/v2\/media?parent=356"}],"wp:term":[{"taxonomy":"product_brand","embeddable":true,"href":"https:\/\/t-inside.com\/index.php\/wp-json\/wp\/v2\/product_brand?post=356"},{"taxonomy":"product_cat","embeddable":true,"href":"https:\/\/t-inside.com\/index.php\/wp-json\/wp\/v2\/product_cat?post=356"},{"taxonomy":"product_tag","embeddable":true,"href":"https:\/\/t-inside.com\/index.php\/wp-json\/wp\/v2\/product_tag?post=356"}],"curies":[{"name":"wp","href":"https:\/\/api.w.org\/{rel}","templated":true}]}}