{"id":341,"date":"2023-10-07T16:40:37","date_gmt":"2023-10-07T16:40:37","guid":{"rendered":"https:\/\/t-inside.com\/?post_type=product&#038;p=341"},"modified":"2023-11-14T17:26:52","modified_gmt":"2023-11-14T17:26:52","slug":"recznik-z-mikrofibry-personalizowany-fuksja","status":"publish","type":"product","link":"https:\/\/t-inside.com\/index.php\/produkt\/recznik-z-mikrofibry-personalizowany-fuksja\/","title":{"rendered":"R\u0119cznik z mikrofibry &#8211; personalizowany &#8211; Fuksja"},"content":{"rendered":"<div class=\"margin-top-10\">\n<div class=\"product-description-title\">Opis:<\/div>\n<div>Pozw\u00f3l swojemu dziecku na troch\u0119 indywidualno\u015bci &#8211; personalizowany r\u0119cznik to idealny spos\u00f3b aby wyr\u00f3\u017cni\u0107 si\u0119 z t\u0142umu .<\/div>\n<div>R\u0119cznik personalizowany technik\u0105 graweru laserowego.<\/div>\n<div>Grawer z motywem tenisowym wraz z logiem T-inside oraz Imieniem lub ksywk\u0105 dziecka.<\/div>\n<div>W przypadku personalizacji termin wykonania do 5-7 dni<\/div>\n<div>Je\u015bli potrzebujesz r\u0119cznik r\u00f3wnie\u017c dla siebie &#8211; to zakup b\u0119dzie r\u00f3wnie\u017c trafionym produktem dla w\u0142asnych potrzeb.<\/div>\n<\/div>\n<div>Jak zamawiamy?\u00a0 Wystarczy podczas zakupu wpisa\u0107 tre\u015b\u0107 personalizacji np imi\u0119, ksywa lub inny tekst.<\/div>\n<div class=\"margin-top-10\">\n<div id=\"product-description\" class=\"text-muted\" data-edit=\"opis\">\n<p>R\u0119cznik z mikrofibry p\u0142askiej<\/p>\n<\/div>\n<\/div>\n<div class=\"margin-top-20\">\n<div class=\"product-description-title\">Materia\u0142:<\/div>\n<div id=\"product-description\" class=\"text-muted\">\n<p data-edit=\"textile\">90% poliester \/ 10% poliamid<\/p>\n<\/div>\n<\/div>\n<div class=\"margin-top-20\">\n<div class=\"product-description-title\">Gramatura:<\/div>\n<div id=\"product-description\" class=\"text-muted\">\n<p data-edit=\"weight\">190 g\/m\u00b2<\/p>\n<\/div>\n<\/div>\n<div class=\"margin-top-20\">\n<div class=\"product-description-title\">Rozmiar:<\/div>\n<div id=\"product-description\" class=\"text-muted\">\n<p>50 x 100 cm<\/p>\n<\/div>\n<p>Kolor: Fuchsia (fuksja)<\/p>\n<p>Wyko\u0144czony \u015bciegiem overlock<\/p>\n<p>Kolorystycznie dopasowana, st\u0119bnowana gumka do spi\u0119cia zwini\u0119tego r\u0119cznika<\/p>\n<p><strong>R\u0119czniki z mikrofibry p\u0142askiej<\/strong> \u2013 wyr\u00f3\u017cniaj\u0105 si\u0119 g\u0142adk\u0105 powierzchni\u0105. Zajmuj\u0105 ma\u0142o miejsca oraz szybko schn\u0105, przez co s\u0105 ch\u0119tnie wybierane. Znajduj\u0105 zastosowanie podczas aktywno\u015bci takich jak np. tenis. Mo\u017cna go zabra\u0107 na trening jak i na turniej. Z uwagi na ma\u0142y ci\u0119\u017car i niewielki wymiar to z powodzeniem zmie\u015bci si\u0119 do ma\u0142y dzieci\u0119cych plecak\u00f3w i toreb treningowych.<\/p>\n<p><strong>R\u0119czniki z mikrofibry\u00a0 &#8211; jak pra\u0107?<\/strong><\/p>\n<p>\u017beby r\u0119cznik z mikrofibry zachowa\u0142 swoje w\u0142a\u015bciwo\u015bci przez d\u0142ugi czas, nale\u017cy zadba\u0107 o jego w\u0142a\u015bciw\u0105 piel\u0119gnacj\u0119. Mo\u017cna go pra\u0107 w pralkach automatycznych, ale przy zachowaniu pewnych \u015brodk\u00f3w ostro\u017cno\u015bci.<\/p>\n<p>Istotna jest przede wszystkim odpowiednia temperatura, kt\u00f3ra nie powinna przekracza\u0107 40-50 st. Celsjusza. Stosowa\u0107 nale\u017cy wy\u0142\u0105cznie delikatne \u015brodki pior\u0105ce. Co wa\u017cne, zabrania si\u0119 u\u017cywania wybielaczy i detergent\u00f3w zmi\u0119kczaj\u0105cych. Mog\u0105 one bowiem negatywnie wp\u0142yn\u0105\u0107 na \u017cywotno\u015b\u0107 mikrow\u0142\u00f3kien. Po wypraniu r\u0119cznik z mikrofibry nale\u017cy dobrze wyp\u0142uka\u0107 w zimnej wodzie i pozostawi\u0107 do wyschni\u0119cia w temperaturze pokojowej. Co wi\u0119cej, r\u0119cznik\u00f3w z mikrofibry nie powinno si\u0119 prasowa\u0107.<\/p>\n<\/div>\n","protected":false},"excerpt":{"rendered":"<p>Opis: Pozw\u00f3l swojemu dziecku na troch\u0119 indywidualno\u015bci &#8211; personalizowany r\u0119cznik to idealny spos\u00f3b aby wyr\u00f3\u017cni\u0107 si\u0119 z t\u0142umu . R\u0119cznik personalizowany technik\u0105 graweru laserowego. Grawer z motywem tenisowym wraz z logiem T-inside oraz Imieniem lub ksywk\u0105 dziecka. W przypadku personalizacji termin wykonania do 5-7 dni Je\u015bli potrzebujesz r\u0119cznik r\u00f3wnie\u017c dla siebie &#8211; to zakup b\u0119dzie [&hellip;]<\/p>\n","protected":false},"featured_media":342,"comment_status":"open","ping_status":"closed","template":"","meta":{"_et_pb_use_builder":"","_et_pb_old_content":"","_et_gb_content_width":""},"product_brand":[],"product_cat":[31],"product_tag":[37,36,38,39,32,34,35,33],"class_list":{"0":"post-341","1":"product","2":"type-product","3":"status-publish","4":"has-post-thumbnail","6":"product_cat-reczniki","7":"product_tag-recznik-neonowy","8":"product_tag-recznik-promocyjny","9":"product_tag-recznik-sportowy","10":"product_tag-recznik-tenisowy","11":"product_tag-recznik-z-logo","12":"product_tag-recznik-z-mikrofibry-plaskiej","13":"product_tag-reczniki-reklamowe","14":"product_tag-reczniki-z-personalizacja","16":"first","17":"instock","18":"shipping-taxable","19":"purchasable","20":"product-type-simple"},"_links":{"self":[{"href":"https:\/\/t-inside.com\/index.php\/wp-json\/wp\/v2\/product\/341","targetHints":{"allow":["GET"]}}],"collection":[{"href":"https:\/\/t-inside.com\/index.php\/wp-json\/wp\/v2\/product"}],"about":[{"href":"https:\/\/t-inside.com\/index.php\/wp-json\/wp\/v2\/types\/product"}],"replies":[{"embeddable":true,"href":"https:\/\/t-inside.com\/index.php\/wp-json\/wp\/v2\/comments?post=341"}],"wp:featuredmedia":[{"embeddable":true,"href":"https:\/\/t-inside.com\/index.php\/wp-json\/wp\/v2\/media\/342"}],"wp:attachment":[{"href":"https:\/\/t-inside.com\/index.php\/wp-json\/wp\/v2\/media?parent=341"}],"wp:term":[{"taxonomy":"product_brand","embeddable":true,"href":"https:\/\/t-inside.com\/index.php\/wp-json\/wp\/v2\/product_brand?post=341"},{"taxonomy":"product_cat","embeddable":true,"href":"https:\/\/t-inside.com\/index.php\/wp-json\/wp\/v2\/product_cat?post=341"},{"taxonomy":"product_tag","embeddable":true,"href":"https:\/\/t-inside.com\/index.php\/wp-json\/wp\/v2\/product_tag?post=341"}],"curies":[{"name":"wp","href":"https:\/\/api.w.org\/{rel}","templated":true}]}}