{"id":276,"date":"2023-09-30T19:05:22","date_gmt":"2023-09-30T19:05:22","guid":{"rendered":"https:\/\/t-inside.com\/?post_type=product&#038;p=276"},"modified":"2023-11-14T17:29:47","modified_gmt":"2023-11-14T17:29:47","slug":"naciag-sunny-core-12m-1-25mm","status":"publish","type":"product","link":"https:\/\/t-inside.com\/index.php\/produkt\/naciag-sunny-core-12m-1-25mm\/","title":{"rendered":"Naci\u0105g SUNNY CORE 12m &#8211; 1.25mm"},"content":{"rendered":"<p>Naci\u0105g SUNNY CORE 12m<\/p>\n<p>Sunny Core to unikalna w swoim rodzaju wielow\u0142\u00f3knistej liny. Z 14 w\u0142\u00f3knami owini\u0119tymi propylenem, jest najwygodniejsz\u0105 i najmocniejsz\u0105 link\u0105 na rynku po naci\u0105gach naturalnych. Jest r\u00f3wnie\u017c najl\u017cejsza (-50% w por\u00f3wnaniu do poliestru) i sprawia, \u017ce Tw\u00f3ja rakieta jest niezwykle zwrotna. Dost\u0119pna w \u015brednicach 1,25 mm i 1,30 mm.<\/p>\n<p>Polecany do Vitas 105.<\/p>\n","protected":false},"excerpt":{"rendered":"<p>Naci\u0105g SUNNY CORE 12m Sunny Core to unikalna w swoim rodzaju wielow\u0142\u00f3knistej liny. Z 14 w\u0142\u00f3knami owini\u0119tymi propylenem, jest najwygodniejsz\u0105 i najmocniejsz\u0105 link\u0105 na rynku po naci\u0105gach naturalnych. Jest r\u00f3wnie\u017c najl\u017cejsza (-50% w por\u00f3wnaniu do poliestru) i sprawia, \u017ce Tw\u00f3ja rakieta jest niezwykle zwrotna. Dost\u0119pna w \u015brednicach 1,25 mm i 1,30 mm. Polecany do Vitas [&hellip;]<\/p>\n","protected":false},"featured_media":277,"comment_status":"open","ping_status":"closed","template":"","meta":{"_et_pb_use_builder":"","_et_pb_old_content":"","_et_gb_content_width":""},"product_brand":[],"product_cat":[15],"product_tag":[42,44,43,40,41],"class_list":{"0":"post-276","1":"product","2":"type-product","3":"status-publish","4":"has-post-thumbnail","6":"product_cat-akcesoria","7":"product_tag-naciag-dla-dzieci","8":"product_tag-naciag-do-rakiet-juniorskich","9":"product_tag-naciag-snauwaert","10":"product_tag-naciag-sunny-core","11":"product_tag-naciag-wielowloknisty","13":"first","14":"outofstock","15":"shipping-taxable","16":"purchasable","17":"product-type-simple"},"_links":{"self":[{"href":"https:\/\/t-inside.com\/index.php\/wp-json\/wp\/v2\/product\/276","targetHints":{"allow":["GET"]}}],"collection":[{"href":"https:\/\/t-inside.com\/index.php\/wp-json\/wp\/v2\/product"}],"about":[{"href":"https:\/\/t-inside.com\/index.php\/wp-json\/wp\/v2\/types\/product"}],"replies":[{"embeddable":true,"href":"https:\/\/t-inside.com\/index.php\/wp-json\/wp\/v2\/comments?post=276"}],"wp:featuredmedia":[{"embeddable":true,"href":"https:\/\/t-inside.com\/index.php\/wp-json\/wp\/v2\/media\/277"}],"wp:attachment":[{"href":"https:\/\/t-inside.com\/index.php\/wp-json\/wp\/v2\/media?parent=276"}],"wp:term":[{"taxonomy":"product_brand","embeddable":true,"href":"https:\/\/t-inside.com\/index.php\/wp-json\/wp\/v2\/product_brand?post=276"},{"taxonomy":"product_cat","embeddable":true,"href":"https:\/\/t-inside.com\/index.php\/wp-json\/wp\/v2\/product_cat?post=276"},{"taxonomy":"product_tag","embeddable":true,"href":"https:\/\/t-inside.com\/index.php\/wp-json\/wp\/v2\/product_tag?post=276"}],"curies":[{"name":"wp","href":"https:\/\/api.w.org\/{rel}","templated":true}]}}