{"id":271,"date":"2023-09-30T18:50:31","date_gmt":"2023-09-30T18:50:31","guid":{"rendered":"https:\/\/t-inside.com\/?post_type=product&#038;p=271"},"modified":"2023-11-14T17:42:50","modified_gmt":"2023-11-14T17:42:50","slug":"naciag-yellow-beam-12m-1-20mm","status":"publish","type":"product","link":"https:\/\/t-inside.com\/index.php\/produkt\/naciag-yellow-beam-12m-1-20mm\/","title":{"rendered":"Naci\u0105g YELLOW BEAM 12m &#8211; 1.20mm"},"content":{"rendered":"<p>Naci\u0105g YELLOW BEAM 12m<\/p>\n<p>Z optymaln\u0105 sztywno\u015bci\u0105, Yellow Beam zapewnia niezr\u00f3wnan\u0105 moc i rotacj\u0119 w cienkiej lub super cienkiej strunie. Dla do\u015bwiadczonych graczy i zawodnik\u00f3w poszukuj\u0105cych dodatkowej wydajno\u015bci. Dost\u0119pny w \u015brednicach 1,15 mm i 1,20 mm.<\/p>\n<p>Monofilament<br \/>\nCo- polimer poliestrowy<br \/>\nSztywno\u015b\u0107 po\u015brednia dla maksymalnej mocy i kr\u0119ci\u0107.<br \/>\nDla wykwalifikowanego gracza i zaawansowanego gracza kt\u00f3ry szuka dodatkowych odczu\u0107 gry.<\/p>\n","protected":false},"excerpt":{"rendered":"<p>Naci\u0105g YELLOW BEAM 12m Z optymaln\u0105 sztywno\u015bci\u0105, Yellow Beam zapewnia niezr\u00f3wnan\u0105 moc i rotacj\u0119 w cienkiej lub super cienkiej strunie. Dla do\u015bwiadczonych graczy i zawodnik\u00f3w poszukuj\u0105cych dodatkowej wydajno\u015bci. Dost\u0119pny w \u015brednicach 1,15 mm i 1,20 mm. Monofilament Co- polimer poliestrowy Sztywno\u015b\u0107 po\u015brednia dla maksymalnej mocy i kr\u0119ci\u0107. Dla wykwalifikowanego gracza i zaawansowanego gracza kt\u00f3ry szuka [&hellip;]<\/p>\n","protected":false},"featured_media":275,"comment_status":"open","ping_status":"closed","template":"","meta":{"_et_pb_use_builder":"","_et_pb_old_content":"","_et_gb_content_width":""},"product_brand":[],"product_cat":[15],"product_tag":[47,46,43,50],"class_list":{"0":"post-271","1":"product","2":"type-product","3":"status-publish","4":"has-post-thumbnail","6":"product_cat-akcesoria","7":"product_tag-naciag-dla-doroslych","8":"product_tag-naciag-monofilament","9":"product_tag-naciag-snauwaert","10":"product_tag-naciag-yellow-beam","12":"first","13":"instock","14":"shipping-taxable","15":"purchasable","16":"product-type-simple"},"_links":{"self":[{"href":"https:\/\/t-inside.com\/index.php\/wp-json\/wp\/v2\/product\/271","targetHints":{"allow":["GET"]}}],"collection":[{"href":"https:\/\/t-inside.com\/index.php\/wp-json\/wp\/v2\/product"}],"about":[{"href":"https:\/\/t-inside.com\/index.php\/wp-json\/wp\/v2\/types\/product"}],"replies":[{"embeddable":true,"href":"https:\/\/t-inside.com\/index.php\/wp-json\/wp\/v2\/comments?post=271"}],"wp:featuredmedia":[{"embeddable":true,"href":"https:\/\/t-inside.com\/index.php\/wp-json\/wp\/v2\/media\/275"}],"wp:attachment":[{"href":"https:\/\/t-inside.com\/index.php\/wp-json\/wp\/v2\/media?parent=271"}],"wp:term":[{"taxonomy":"product_brand","embeddable":true,"href":"https:\/\/t-inside.com\/index.php\/wp-json\/wp\/v2\/product_brand?post=271"},{"taxonomy":"product_cat","embeddable":true,"href":"https:\/\/t-inside.com\/index.php\/wp-json\/wp\/v2\/product_cat?post=271"},{"taxonomy":"product_tag","embeddable":true,"href":"https:\/\/t-inside.com\/index.php\/wp-json\/wp\/v2\/product_tag?post=271"}],"curies":[{"name":"wp","href":"https:\/\/api.w.org\/{rel}","templated":true}]}}