{"id":266,"date":"2023-09-30T18:38:59","date_gmt":"2023-09-30T18:38:59","guid":{"rendered":"https:\/\/t-inside.com\/?post_type=product&#038;p=266"},"modified":"2023-11-14T17:38:42","modified_gmt":"2023-11-14T17:38:42","slug":"wibrostop-snauwaert-2szt","status":"publish","type":"product","link":"https:\/\/t-inside.com\/index.php\/produkt\/wibrostop-snauwaert-2szt\/","title":{"rendered":"Wibrastop Snauwaert &#8211; 2szt"},"content":{"rendered":"<p>Snauwaert Wibrastop redukuje niepo\u017c\u0105dane drgania, zachowuj\u0105c naturalne odczucie uderzenia.<\/p>\n","protected":false},"excerpt":{"rendered":"<p>Snauwaert Wibrastop redukuje niepo\u017c\u0105dane drgania, zachowuj\u0105c naturalne odczucie uderzenia.<\/p>\n","protected":false},"featured_media":267,"comment_status":"open","ping_status":"closed","template":"","meta":{"_et_pb_use_builder":"","_et_pb_old_content":"","_et_gb_content_width":""},"product_brand":[],"product_cat":[15],"product_tag":[49,48],"class_list":{"0":"post-266","1":"product","2":"type-product","3":"status-publish","4":"has-post-thumbnail","6":"product_cat-akcesoria","7":"product_tag-dumper-snauwaert","8":"product_tag-vibrastop","10":"first","11":"instock","12":"shipping-taxable","13":"purchasable","14":"product-type-simple"},"_links":{"self":[{"href":"https:\/\/t-inside.com\/index.php\/wp-json\/wp\/v2\/product\/266","targetHints":{"allow":["GET"]}}],"collection":[{"href":"https:\/\/t-inside.com\/index.php\/wp-json\/wp\/v2\/product"}],"about":[{"href":"https:\/\/t-inside.com\/index.php\/wp-json\/wp\/v2\/types\/product"}],"replies":[{"embeddable":true,"href":"https:\/\/t-inside.com\/index.php\/wp-json\/wp\/v2\/comments?post=266"}],"wp:featuredmedia":[{"embeddable":true,"href":"https:\/\/t-inside.com\/index.php\/wp-json\/wp\/v2\/media\/267"}],"wp:attachment":[{"href":"https:\/\/t-inside.com\/index.php\/wp-json\/wp\/v2\/media?parent=266"}],"wp:term":[{"taxonomy":"product_brand","embeddable":true,"href":"https:\/\/t-inside.com\/index.php\/wp-json\/wp\/v2\/product_brand?post=266"},{"taxonomy":"product_cat","embeddable":true,"href":"https:\/\/t-inside.com\/index.php\/wp-json\/wp\/v2\/product_cat?post=266"},{"taxonomy":"product_tag","embeddable":true,"href":"https:\/\/t-inside.com\/index.php\/wp-json\/wp\/v2\/product_tag?post=266"}],"curies":[{"name":"wp","href":"https:\/\/api.w.org\/{rel}","templated":true}]}}