{"id":263,"date":"2023-09-30T18:30:13","date_gmt":"2023-09-30T18:30:13","guid":{"rendered":"https:\/\/t-inside.com\/?post_type=product&#038;p=263"},"modified":"2023-11-14T17:48:48","modified_gmt":"2023-11-14T17:48:48","slug":"owijki-bazowa-air-bubble-1szt","status":"publish","type":"product","link":"https:\/\/t-inside.com\/index.php\/produkt\/owijki-bazowa-air-bubble-1szt\/","title":{"rendered":"Owijki bazowa &#8211; AIR BUBBLE &#8211;  1szt"},"content":{"rendered":"<p>R\u0105czka z wielowarstwowego PU. Unikalna konstrukcja zapewnia pewny chwyt rakiety, ale dodatkowo charakteryzuje si\u0119 wygod\u0105, kt\u00f3ra nie zmniejsza informacji zwrotnej z rakietki do d\u0142oni.<\/p>\n<p>Owijka w kolorze bia\u0142ym.<\/p>\n","protected":false},"excerpt":{"rendered":"<p>R\u0105czka z wielowarstwowego PU. Unikalna konstrukcja zapewnia pewny chwyt rakiety, ale dodatkowo charakteryzuje si\u0119 wygod\u0105, kt\u00f3ra nie zmniejsza informacji zwrotnej z rakietki do d\u0142oni. Owijka w kolorze bia\u0142ym.<\/p>\n","protected":false},"featured_media":264,"comment_status":"open","ping_status":"closed","template":"","meta":{"_et_pb_use_builder":"","_et_pb_old_content":"","_et_gb_content_width":""},"product_brand":[],"product_cat":[15],"product_tag":[],"class_list":{"0":"post-263","1":"product","2":"type-product","3":"status-publish","4":"has-post-thumbnail","6":"product_cat-akcesoria","8":"first","9":"outofstock","10":"shipping-taxable","11":"purchasable","12":"product-type-simple"},"_links":{"self":[{"href":"https:\/\/t-inside.com\/index.php\/wp-json\/wp\/v2\/product\/263","targetHints":{"allow":["GET"]}}],"collection":[{"href":"https:\/\/t-inside.com\/index.php\/wp-json\/wp\/v2\/product"}],"about":[{"href":"https:\/\/t-inside.com\/index.php\/wp-json\/wp\/v2\/types\/product"}],"replies":[{"embeddable":true,"href":"https:\/\/t-inside.com\/index.php\/wp-json\/wp\/v2\/comments?post=263"}],"wp:featuredmedia":[{"embeddable":true,"href":"https:\/\/t-inside.com\/index.php\/wp-json\/wp\/v2\/media\/264"}],"wp:attachment":[{"href":"https:\/\/t-inside.com\/index.php\/wp-json\/wp\/v2\/media?parent=263"}],"wp:term":[{"taxonomy":"product_brand","embeddable":true,"href":"https:\/\/t-inside.com\/index.php\/wp-json\/wp\/v2\/product_brand?post=263"},{"taxonomy":"product_cat","embeddable":true,"href":"https:\/\/t-inside.com\/index.php\/wp-json\/wp\/v2\/product_cat?post=263"},{"taxonomy":"product_tag","embeddable":true,"href":"https:\/\/t-inside.com\/index.php\/wp-json\/wp\/v2\/product_tag?post=263"}],"curies":[{"name":"wp","href":"https:\/\/api.w.org\/{rel}","templated":true}]}}