{"id":257,"date":"2023-09-30T17:05:04","date_gmt":"2023-09-30T17:05:04","guid":{"rendered":"https:\/\/t-inside.com\/?post_type=product&#038;p=257"},"modified":"2023-11-14T17:45:29","modified_gmt":"2023-11-14T17:45:29","slug":"pilki-tenisowe-czerwone-stage-3-polybag-72szt","status":"publish","type":"product","link":"https:\/\/t-inside.com\/index.php\/produkt\/pilki-tenisowe-czerwone-stage-3-polybag-72szt\/","title":{"rendered":"Pi\u0142ki tenisowe &#8211; czerwone stage 3 &#8211; polybag 72szt"},"content":{"rendered":"<p>Pi\u0142ki tenisowe &#8211; czerwone stage 3 &#8211; polybag 72szt pi\u0142ek<\/p>\n<p>Pi\u0142ka Stage 3 (czerwona) jest polecana do gry na &#8222;czerwonym&#8221; boisku, dla graczy do 8 lat, korzystaj\u0105c z rakiety o d\u0142ugo\u015bci do 23 cali. Stage 3 jest wi\u0119ksza i wolniejsza o 75% w por\u00f3wnaniu do standardowej pi\u0142ki. Poprawia \u015bwiadomo\u015b\u0107 pi\u0142ki, przestrzeni i uderzenia.<\/p>\n<p>W zale\u017cno\u015bci od dost\u0119pno\u015bci pi\u0142ki dost\u0119pne z czerwon\u0105 kropk\u0105 lub w dw\u00f3ch barwach (\u017c\u00f3\u0142to\/czerwone)<\/p>\n","protected":false},"excerpt":{"rendered":"<p>Pi\u0142ki tenisowe &#8211; czerwone stage 3 &#8211; polybag 72szt pi\u0142ek Pi\u0142ka Stage 3 (czerwona) jest polecana do gry na &#8222;czerwonym&#8221; boisku, dla graczy do 8 lat, korzystaj\u0105c z rakiety o d\u0142ugo\u015bci do 23 cali. Stage 3 jest wi\u0119ksza i wolniejsza o 75% w por\u00f3wnaniu do standardowej pi\u0142ki. Poprawia \u015bwiadomo\u015b\u0107 pi\u0142ki, przestrzeni i uderzenia. W zale\u017cno\u015bci [&hellip;]<\/p>\n","protected":false},"featured_media":258,"comment_status":"open","ping_status":"closed","template":"","meta":{"_et_pb_use_builder":"","_et_pb_old_content":"","_et_gb_content_width":""},"product_brand":[],"product_cat":[15],"product_tag":[],"class_list":{"0":"post-257","1":"product","2":"type-product","3":"status-publish","4":"has-post-thumbnail","6":"product_cat-akcesoria","8":"first","9":"outofstock","10":"shipping-taxable","11":"purchasable","12":"product-type-simple"},"_links":{"self":[{"href":"https:\/\/t-inside.com\/index.php\/wp-json\/wp\/v2\/product\/257","targetHints":{"allow":["GET"]}}],"collection":[{"href":"https:\/\/t-inside.com\/index.php\/wp-json\/wp\/v2\/product"}],"about":[{"href":"https:\/\/t-inside.com\/index.php\/wp-json\/wp\/v2\/types\/product"}],"replies":[{"embeddable":true,"href":"https:\/\/t-inside.com\/index.php\/wp-json\/wp\/v2\/comments?post=257"}],"wp:featuredmedia":[{"embeddable":true,"href":"https:\/\/t-inside.com\/index.php\/wp-json\/wp\/v2\/media\/258"}],"wp:attachment":[{"href":"https:\/\/t-inside.com\/index.php\/wp-json\/wp\/v2\/media?parent=257"}],"wp:term":[{"taxonomy":"product_brand","embeddable":true,"href":"https:\/\/t-inside.com\/index.php\/wp-json\/wp\/v2\/product_brand?post=257"},{"taxonomy":"product_cat","embeddable":true,"href":"https:\/\/t-inside.com\/index.php\/wp-json\/wp\/v2\/product_cat?post=257"},{"taxonomy":"product_tag","embeddable":true,"href":"https:\/\/t-inside.com\/index.php\/wp-json\/wp\/v2\/product_tag?post=257"}],"curies":[{"name":"wp","href":"https:\/\/api.w.org\/{rel}","templated":true}]}}