{"id":250,"date":"2023-09-30T15:19:01","date_gmt":"2023-09-30T15:19:01","guid":{"rendered":"https:\/\/t-inside.com\/?post_type=product&#038;p=250"},"modified":"2023-11-14T17:44:40","modified_gmt":"2023-11-14T17:44:40","slug":"pilki-tenisowe-zielone-stage-1-polybag-72szt","status":"publish","type":"product","link":"https:\/\/t-inside.com\/index.php\/produkt\/pilki-tenisowe-zielone-stage-1-polybag-72szt\/","title":{"rendered":"Pi\u0142ki tenisowe &#8211; zielone stage 1 &#8211; polybag 72szt"},"content":{"rendered":"<p>Pi\u0142ki tenisowe &#8211; zielone stage 1 &#8211; polybag 72szt pi\u0142ek<\/p>\n<p>Etap 1 (zielony), to juniorska pi\u0142ka dla dzieci w wieku od 9 do 10 lat na zaawansowanym poziomie, do gry na standardowym boisku, u\u017cywaj\u0105c rakiety o d\u0142ugo\u015bci od 25 cali (63,5 cm) do 26 cali (66 cm). Pi\u0142ka etapu 1 jest o 25% wolniejsza od standardowej pi\u0142ki.<\/p>\n","protected":false},"excerpt":{"rendered":"<p>Pi\u0142ki tenisowe &#8211; zielone stage 1 &#8211; polybag 72szt pi\u0142ek Etap 1 (zielony), to juniorska pi\u0142ka dla dzieci w wieku od 9 do 10 lat na zaawansowanym poziomie, do gry na standardowym boisku, u\u017cywaj\u0105c rakiety o d\u0142ugo\u015bci od 25 cali (63,5 cm) do 26 cali (66 cm). Pi\u0142ka etapu 1 jest o 25% wolniejsza od [&hellip;]<\/p>\n","protected":false},"featured_media":251,"comment_status":"open","ping_status":"closed","template":"","meta":{"_et_pb_use_builder":"","_et_pb_old_content":"","_et_gb_content_width":""},"product_brand":[],"product_cat":[15],"product_tag":[],"class_list":{"0":"post-250","1":"product","2":"type-product","3":"status-publish","4":"has-post-thumbnail","6":"product_cat-akcesoria","8":"first","9":"outofstock","10":"shipping-taxable","11":"purchasable","12":"product-type-simple"},"_links":{"self":[{"href":"https:\/\/t-inside.com\/index.php\/wp-json\/wp\/v2\/product\/250","targetHints":{"allow":["GET"]}}],"collection":[{"href":"https:\/\/t-inside.com\/index.php\/wp-json\/wp\/v2\/product"}],"about":[{"href":"https:\/\/t-inside.com\/index.php\/wp-json\/wp\/v2\/types\/product"}],"replies":[{"embeddable":true,"href":"https:\/\/t-inside.com\/index.php\/wp-json\/wp\/v2\/comments?post=250"}],"wp:featuredmedia":[{"embeddable":true,"href":"https:\/\/t-inside.com\/index.php\/wp-json\/wp\/v2\/media\/251"}],"wp:attachment":[{"href":"https:\/\/t-inside.com\/index.php\/wp-json\/wp\/v2\/media?parent=250"}],"wp:term":[{"taxonomy":"product_brand","embeddable":true,"href":"https:\/\/t-inside.com\/index.php\/wp-json\/wp\/v2\/product_brand?post=250"},{"taxonomy":"product_cat","embeddable":true,"href":"https:\/\/t-inside.com\/index.php\/wp-json\/wp\/v2\/product_cat?post=250"},{"taxonomy":"product_tag","embeddable":true,"href":"https:\/\/t-inside.com\/index.php\/wp-json\/wp\/v2\/product_tag?post=250"}],"curies":[{"name":"wp","href":"https:\/\/api.w.org\/{rel}","templated":true}]}}