{"id":246,"date":"2023-09-30T15:11:39","date_gmt":"2023-09-30T15:11:39","guid":{"rendered":"https:\/\/t-inside.com\/?post_type=product&#038;p=246"},"modified":"2023-11-14T18:13:49","modified_gmt":"2023-11-14T18:13:49","slug":"pilki-tenisowe-twarde-all-court-4szt-w-tubie","status":"publish","type":"product","link":"https:\/\/t-inside.com\/index.php\/produkt\/pilki-tenisowe-twarde-all-court-4szt-w-tubie\/","title":{"rendered":"Pi\u0142ki tenisowe &#8211; twarde ALL COURT 4szt w tubie"},"content":{"rendered":"<p>Pi\u0142ki tenisowe &#8211; twarde ALL COURT 4szt w tubie<\/p>\n<p>Pi\u0142ki tenisowe Snauwaert s\u0105 odpowiednie na ka\u017cd\u0105 powierzchni\u0119, doskona\u0142e dla ka\u017cdego potrzebuj\u0105cego, odporne i oferuj\u0105 d\u0142ug\u0105 trwa\u0142o\u015b\u0107. Znajd\u017a t\u0119, kt\u00f3ra jest dla Ciebie odpowiednia.<\/p>\n<p>AllCourt to turniejowa pi\u0142ka zatwierdzona przez ITF, zaprojektowana do gry na ka\u017cdej powierzchni. Wykonana z najtrwalszego filcu Tex Tech i w najbardziej widocznym kolorze \u017c\u00f3\u0142tym, zapewni wam doskona\u0142\u0105 gr\u0119.<\/p>\n<p>Specyfikacje :<\/p>\n<p>Pi\u0142ka: Pod ci\u015bnieniem<\/p>\n<p>Materia\u0142: TTI3526BY<\/p>\n<p>Opakowanie: 4 pi\u0142ki<\/p>\n<p>Zawarto\u015b\u0107 w\u0142\u00f3kien: 59% we\u0142na, 25% nylon, 16% bawe\u0142na<\/p>\n<p>Zalecana powierzchnia boiska: Wszystkie boiska<\/p>\n<p>Kolor: Jasny \u017c\u00f3\u0142ty<\/p>\n<p>Opakowanie :\u00a0Pojemnik PET<\/p>\n","protected":false},"excerpt":{"rendered":"<p>Pi\u0142ki tenisowe &#8211; twarde ALL COURT 4szt w tubie Pi\u0142ki tenisowe Snauwaert s\u0105 odpowiednie na ka\u017cd\u0105 powierzchni\u0119, doskona\u0142e dla ka\u017cdego potrzebuj\u0105cego, odporne i oferuj\u0105 d\u0142ug\u0105 trwa\u0142o\u015b\u0107. Znajd\u017a t\u0119, kt\u00f3ra jest dla Ciebie odpowiednia. AllCourt to turniejowa pi\u0142ka zatwierdzona przez ITF, zaprojektowana do gry na ka\u017cdej powierzchni. Wykonana z najtrwalszego filcu Tex Tech i w najbardziej [&hellip;]<\/p>\n","protected":false},"featured_media":247,"comment_status":"open","ping_status":"closed","template":"","meta":{"_et_pb_use_builder":"","_et_pb_old_content":"","_et_gb_content_width":""},"product_brand":[],"product_cat":[15],"product_tag":[65,62,67,64,68,66],"class_list":{"0":"post-246","1":"product","2":"type-product","3":"status-publish","4":"has-post-thumbnail","6":"product_cat-akcesoria","7":"product_tag-pilki-snauwaert","8":"product_tag-pilki-tenisowe","9":"product_tag-pilki-tenisowe-dla-juniorow","10":"product_tag-pilki-tenisowe-premium","11":"product_tag-pilki-turniejowe","12":"product_tag-pilki-z-certyfikatem-itf","14":"first","15":"instock","16":"shipping-taxable","17":"purchasable","18":"product-type-simple"},"_links":{"self":[{"href":"https:\/\/t-inside.com\/index.php\/wp-json\/wp\/v2\/product\/246","targetHints":{"allow":["GET"]}}],"collection":[{"href":"https:\/\/t-inside.com\/index.php\/wp-json\/wp\/v2\/product"}],"about":[{"href":"https:\/\/t-inside.com\/index.php\/wp-json\/wp\/v2\/types\/product"}],"replies":[{"embeddable":true,"href":"https:\/\/t-inside.com\/index.php\/wp-json\/wp\/v2\/comments?post=246"}],"wp:featuredmedia":[{"embeddable":true,"href":"https:\/\/t-inside.com\/index.php\/wp-json\/wp\/v2\/media\/247"}],"wp:attachment":[{"href":"https:\/\/t-inside.com\/index.php\/wp-json\/wp\/v2\/media?parent=246"}],"wp:term":[{"taxonomy":"product_brand","embeddable":true,"href":"https:\/\/t-inside.com\/index.php\/wp-json\/wp\/v2\/product_brand?post=246"},{"taxonomy":"product_cat","embeddable":true,"href":"https:\/\/t-inside.com\/index.php\/wp-json\/wp\/v2\/product_cat?post=246"},{"taxonomy":"product_tag","embeddable":true,"href":"https:\/\/t-inside.com\/index.php\/wp-json\/wp\/v2\/product_tag?post=246"}],"curies":[{"name":"wp","href":"https:\/\/api.w.org\/{rel}","templated":true}]}}