{"id":235,"date":"2023-09-30T13:55:59","date_gmt":"2023-09-30T13:55:59","guid":{"rendered":"https:\/\/t-inside.com\/?post_type=product&#038;p=235"},"modified":"2023-11-14T18:18:20","modified_gmt":"2023-11-14T18:18:20","slug":"plecak-blackline","status":"publish","type":"product","link":"https:\/\/t-inside.com\/index.php\/produkt\/plecak-blackline\/","title":{"rendered":"Plecak BLACKLINE"},"content":{"rendered":"<p>Plecak z serii BLACKLINE.<\/p>\n<p>Uniwersalny plecak do wykorzystania np: na rakiety do padla, tenisa, podr\u00f3\u017cy czy te\u017c do szko\u0142y.<\/p>\n<p>Dzi\u0119ki swojemu innowacyjnemu designowi typu stand up, ten plecak wykonany z ultra wytrzyma\u0142ych materia\u0142\u00f3w i wysokiej jako\u015bci zamk\u00f3w b\u0142yskawicznych, oferuje du\u017c\u0105 pojemno\u015b\u0107 w kompaktowej przestrzeni, umo\u017cliwiaj\u0105c \u0142atwy dost\u0119p do osobistych rzeczy i ich dobr\u0105 separacj\u0119.<\/p>\n<p>Nowy i ulepszony plecak, wykonany z nowego materia\u0142u w kolorze czarnym i \u017c\u00f3\u0142tym. Nowa kiesze\u0144 na komputer.\u00a0Ulepszone i powi\u0119kszone boczne kieszenie.\u00a0Ulepszone szelki.<\/p>\n<p>Materia\u0142: poliester 1680D\/PVC<br \/>\nPodszewka: poliester 210D z pow\u0142ok\u0105 PU<br \/>\nZamek b\u0142yskawiczny: zamek nylonowy nr 8<br \/>\nTa\u015bma: Ta\u015bma nylonowa<br \/>\nPianka\/Wy\u015bci\u00f3\u0142ka: Wy\u015bci\u00f3\u0142ka z pianki PE<br \/>\nGrafika\/Logo<br \/>\nDruk: Sitodruk<\/p>\n","protected":false},"excerpt":{"rendered":"<p>Plecak z serii BLACKLINE. Uniwersalny plecak do wykorzystania np: na rakiety do padla, tenisa, podr\u00f3\u017cy czy te\u017c do szko\u0142y. Dzi\u0119ki swojemu innowacyjnemu designowi typu stand up, ten plecak wykonany z ultra wytrzyma\u0142ych materia\u0142\u00f3w i wysokiej jako\u015bci zamk\u00f3w b\u0142yskawicznych, oferuje du\u017c\u0105 pojemno\u015b\u0107 w kompaktowej przestrzeni, umo\u017cliwiaj\u0105c \u0142atwy dost\u0119p do osobistych rzeczy i ich dobr\u0105 separacj\u0119. Nowy [&hellip;]<\/p>\n","protected":false},"featured_media":236,"comment_status":"open","ping_status":"closed","template":"","meta":{"_et_pb_use_builder":"","_et_pb_old_content":"","_et_gb_content_width":""},"product_brand":[],"product_cat":[30],"product_tag":[],"class_list":{"0":"post-235","1":"product","2":"type-product","3":"status-publish","4":"has-post-thumbnail","6":"product_cat-torby","8":"first","9":"outofstock","10":"shipping-taxable","11":"purchasable","12":"product-type-simple"},"_links":{"self":[{"href":"https:\/\/t-inside.com\/index.php\/wp-json\/wp\/v2\/product\/235","targetHints":{"allow":["GET"]}}],"collection":[{"href":"https:\/\/t-inside.com\/index.php\/wp-json\/wp\/v2\/product"}],"about":[{"href":"https:\/\/t-inside.com\/index.php\/wp-json\/wp\/v2\/types\/product"}],"replies":[{"embeddable":true,"href":"https:\/\/t-inside.com\/index.php\/wp-json\/wp\/v2\/comments?post=235"}],"wp:featuredmedia":[{"embeddable":true,"href":"https:\/\/t-inside.com\/index.php\/wp-json\/wp\/v2\/media\/236"}],"wp:attachment":[{"href":"https:\/\/t-inside.com\/index.php\/wp-json\/wp\/v2\/media?parent=235"}],"wp:term":[{"taxonomy":"product_brand","embeddable":true,"href":"https:\/\/t-inside.com\/index.php\/wp-json\/wp\/v2\/product_brand?post=235"},{"taxonomy":"product_cat","embeddable":true,"href":"https:\/\/t-inside.com\/index.php\/wp-json\/wp\/v2\/product_cat?post=235"},{"taxonomy":"product_tag","embeddable":true,"href":"https:\/\/t-inside.com\/index.php\/wp-json\/wp\/v2\/product_tag?post=235"}],"curies":[{"name":"wp","href":"https:\/\/api.w.org\/{rel}","templated":true}]}}