{"id":230,"date":"2023-09-30T13:39:34","date_gmt":"2023-09-30T13:39:34","guid":{"rendered":"https:\/\/t-inside.com\/?post_type=product&#038;p=230"},"modified":"2023-11-14T18:22:11","modified_gmt":"2023-11-14T18:22:11","slug":"torba-blackline-na-2-3-rakiety-na-silownie-torba-podrozna","status":"publish","type":"product","link":"https:\/\/t-inside.com\/index.php\/produkt\/torba-blackline-na-2-3-rakiety-na-silownie-torba-podrozna\/","title":{"rendered":"Torba BLACKLINE na 2-3 rakiety \/ na si\u0142owni\u0119\/ torba podr\u00f3\u017cna"},"content":{"rendered":"<p>Nowa i wszechstronna torba BLACKLINE na rakiety\/ na si\u0142owni\u0119\/podr\u00f3\u017c z oddzieln\u0105 kieszeni\u0105 na buty.<\/p>\n<p>Wykonana z wysokiej jako\u015bci materia\u0142\u00f3w, aby zapewni\u0107 maksymaln\u0105 trwa\u0142o\u015b\u0107, ta torba sportowa mo\u017ce pomie\u015bci\u0107 nawet 2\/3 rakiety i buty w oddzielnej kieszeni. \u0141\u0105czy w sobie styl retro i funkcjonalno\u015b\u0107 w konkurencyjnej cenie i doskonale nadaje si\u0119 do u\u017cytku jako elegancka torba podr\u00f3\u017cna.<\/p>\n<p>Mie\u015bci 2 lub 3 rakiety i odzie\u017c.<br \/>\nDodatkowe kieszenie na portfel, smartfon i klucze. Oddzielny kiesze\u0144 na buty.<\/p>\n<p>Materia\u0142: poliester 1680D\/PVC<br \/>\nPodszewka: poliester 210D z pow\u0142ok\u0105 PU<br \/>\nZamek b\u0142yskawiczny: zamek nylonowy nr 8<br \/>\nTa\u015bma: Ta\u015bma nylonowa<br \/>\nPianka\/Wy\u015bci\u00f3\u0142ka: Wy\u015bci\u00f3\u0142ka z pianki PE<br \/>\nGrafika\/Logo<br \/>\nDruk: Sitodruk<\/p>\n","protected":false},"excerpt":{"rendered":"<p>Nowa i wszechstronna torba BLACKLINE na rakiety\/ na si\u0142owni\u0119\/podr\u00f3\u017c z oddzieln\u0105 kieszeni\u0105 na buty. Wykonana z wysokiej jako\u015bci materia\u0142\u00f3w, aby zapewni\u0107 maksymaln\u0105 trwa\u0142o\u015b\u0107, ta torba sportowa mo\u017ce pomie\u015bci\u0107 nawet 2\/3 rakiety i buty w oddzielnej kieszeni. \u0141\u0105czy w sobie styl retro i funkcjonalno\u015b\u0107 w konkurencyjnej cenie i doskonale nadaje si\u0119 do u\u017cytku jako elegancka torba [&hellip;]<\/p>\n","protected":false},"featured_media":231,"comment_status":"open","ping_status":"closed","template":"","meta":{"_et_pb_use_builder":"","_et_pb_old_content":"","_et_gb_content_width":""},"product_brand":[],"product_cat":[30],"product_tag":[74,69,75,73,19,21],"class_list":{"0":"post-230","1":"product","2":"type-product","3":"status-publish","4":"has-post-thumbnail","6":"product_cat-torby","7":"product_tag-torba-na-2-rakiety","8":"product_tag-torba-na-rakiety-tenisowe","9":"product_tag-torba-podrozna-snauwaert","10":"product_tag-torba-snauwaert","11":"product_tag-torba-sportowa-na-buty","12":"product_tag-torba-tenisowa","14":"first","15":"instock","16":"shipping-taxable","17":"purchasable","18":"product-type-simple"},"_links":{"self":[{"href":"https:\/\/t-inside.com\/index.php\/wp-json\/wp\/v2\/product\/230","targetHints":{"allow":["GET"]}}],"collection":[{"href":"https:\/\/t-inside.com\/index.php\/wp-json\/wp\/v2\/product"}],"about":[{"href":"https:\/\/t-inside.com\/index.php\/wp-json\/wp\/v2\/types\/product"}],"replies":[{"embeddable":true,"href":"https:\/\/t-inside.com\/index.php\/wp-json\/wp\/v2\/comments?post=230"}],"wp:featuredmedia":[{"embeddable":true,"href":"https:\/\/t-inside.com\/index.php\/wp-json\/wp\/v2\/media\/231"}],"wp:attachment":[{"href":"https:\/\/t-inside.com\/index.php\/wp-json\/wp\/v2\/media?parent=230"}],"wp:term":[{"taxonomy":"product_brand","embeddable":true,"href":"https:\/\/t-inside.com\/index.php\/wp-json\/wp\/v2\/product_brand?post=230"},{"taxonomy":"product_cat","embeddable":true,"href":"https:\/\/t-inside.com\/index.php\/wp-json\/wp\/v2\/product_cat?post=230"},{"taxonomy":"product_tag","embeddable":true,"href":"https:\/\/t-inside.com\/index.php\/wp-json\/wp\/v2\/product_tag?post=230"}],"curies":[{"name":"wp","href":"https:\/\/api.w.org\/{rel}","templated":true}]}}