{"id":227,"date":"2023-09-30T13:38:22","date_gmt":"2023-09-30T13:38:22","guid":{"rendered":"https:\/\/t-inside.com\/?post_type=product&#038;p=227"},"modified":"2023-11-14T18:25:15","modified_gmt":"2023-11-14T18:25:15","slug":"pokrowiec-na-rakiete","status":"publish","type":"product","link":"https:\/\/t-inside.com\/index.php\/produkt\/pokrowiec-na-rakiete\/","title":{"rendered":"Pokrowiec na rakiet\u0119"},"content":{"rendered":"<p>Pokrowiec na rakiet\u0119 &#8211; w welurowym materiale, jest idealny do przechowywania twojej nowej rakiety w taki spos\u00f3b, aby by\u0142a\u00a0 chroniona przed uderzeniami podczas transportu. Sznurek w pokrowcu pozwala na noszenie jej na ramieniu.<\/p>\n","protected":false},"excerpt":{"rendered":"<p>Pokrowiec na rakiet\u0119 &#8211; w welurowym materiale, jest idealny do przechowywania twojej nowej rakiety w taki spos\u00f3b, aby by\u0142a\u00a0 chroniona przed uderzeniami podczas transportu. Sznurek w pokrowcu pozwala na noszenie jej na ramieniu.<\/p>\n","protected":false},"featured_media":228,"comment_status":"open","ping_status":"closed","template":"","meta":{"_et_pb_use_builder":"","_et_pb_old_content":"","_et_gb_content_width":""},"product_brand":[],"product_cat":[30],"product_tag":[76,77],"class_list":{"0":"post-227","1":"product","2":"type-product","3":"status-publish","4":"has-post-thumbnail","6":"product_cat-torby","7":"product_tag-etui-na-rakiete","8":"product_tag-welurowy-worek-na-rakiete","10":"first","11":"instock","12":"shipping-taxable","13":"purchasable","14":"product-type-simple"},"_links":{"self":[{"href":"https:\/\/t-inside.com\/index.php\/wp-json\/wp\/v2\/product\/227","targetHints":{"allow":["GET"]}}],"collection":[{"href":"https:\/\/t-inside.com\/index.php\/wp-json\/wp\/v2\/product"}],"about":[{"href":"https:\/\/t-inside.com\/index.php\/wp-json\/wp\/v2\/types\/product"}],"replies":[{"embeddable":true,"href":"https:\/\/t-inside.com\/index.php\/wp-json\/wp\/v2\/comments?post=227"}],"wp:featuredmedia":[{"embeddable":true,"href":"https:\/\/t-inside.com\/index.php\/wp-json\/wp\/v2\/media\/228"}],"wp:attachment":[{"href":"https:\/\/t-inside.com\/index.php\/wp-json\/wp\/v2\/media?parent=227"}],"wp:term":[{"taxonomy":"product_brand","embeddable":true,"href":"https:\/\/t-inside.com\/index.php\/wp-json\/wp\/v2\/product_brand?post=227"},{"taxonomy":"product_cat","embeddable":true,"href":"https:\/\/t-inside.com\/index.php\/wp-json\/wp\/v2\/product_cat?post=227"},{"taxonomy":"product_tag","embeddable":true,"href":"https:\/\/t-inside.com\/index.php\/wp-json\/wp\/v2\/product_tag?post=227"}],"curies":[{"name":"wp","href":"https:\/\/api.w.org\/{rel}","templated":true}]}}