{"id":223,"date":"2023-09-30T13:21:07","date_gmt":"2023-09-30T13:21:07","guid":{"rendered":"https:\/\/t-inside.com\/?post_type=product&#038;p=223"},"modified":"2023-11-14T18:58:16","modified_gmt":"2023-11-14T18:58:16","slug":"rising-star-jr-alu-21-snauwaert","status":"publish","type":"product","link":"https:\/\/t-inside.com\/index.php\/produkt\/rising-star-jr-alu-21-snauwaert\/","title":{"rendered":"RISING Star JR alu- 21&#8221; &#8211; Snauwaert"},"content":{"rendered":"<p>Rakieta tenisowa Snauwaert RISING Star Junior &#8211; 21&#8221;<\/p>\n<p>Rakieta wykonana ze stopu aluminium. W kolekcji s\u0105 r\u00f3wnie\u017c 4 rakiety tenisowe o r\u00f3\u017cnych d\u0142ugo\u015bciach i przeznaczone s\u0105 dla dzieci w wieku od 5 do 11 lat. Rakiety Rising Star s\u0105 przeznaczone dla dzieci pocz\u0105tkuj\u0105cych w tenisie i rekreacyjnej gry w tenisa, dostosowuj\u0105c si\u0119 do wzrostu fizycznego i technicznego.<\/p>\n<p>Dla kogo przeznaczona jest rakieta?<\/p>\n<p>Materia\u0142: stop aluminium<\/p>\n<p>Polecane dla: ka\u017cdego dziecka w pierwszych latach jego przygody z tenisem<\/p>\n<p>4 rakiety w 4 r\u00f3\u017cnych d\u0142ugo\u015bciach, aby zapewni\u0107 najlepsze przej\u015bcie dla dzieci w wieku od 5 do 11 lat<\/p>\n<p>D\u0142ugo\u015b\u0107 | Wiek | Wysoko\u015b\u0107<\/p>\n<p>19&#8243;\u00a0 \u00a0 \u00a0 \u00a0 \u00a0 \u00a0 \u00a0 4\/5\u00a0 \u00a0 \u00a0 \u00a0 105cm<\/p>\n<p>21&#8243;\u00a0 \u00a0 \u00a0 \u00a0 \u00a0 \u00a0 \u00a0 6\/7\u00a0 \u00a0 \u00a0 \u00a0 115 cm<\/p>\n<p>23&#8243;\u00a0 \u00a0 \u00a0 \u00a0 \u00a0 \u00a0 \u00a0 8\/9\u00a0 \u00a0 \u00a0 \u00a0 125 cm<\/p>\n<p>25&#8243;\u00a0 \u00a0 \u00a0 \u00a0 \u00a0 \u00a0 \u00a010\/11\u00a0 \u00a0 135cm<\/p>\n<p>Rakiety sprzedawane s\u0105 z naci\u0105giem, bez etui (pokrowca).<\/p>\n<p>&nbsp;<\/p>\n","protected":false},"excerpt":{"rendered":"<p>Rakieta tenisowa Snauwaert RISING Star Junior &#8211; 21&#8221; Rakieta wykonana ze stopu aluminium. W kolekcji s\u0105 r\u00f3wnie\u017c 4 rakiety tenisowe o r\u00f3\u017cnych d\u0142ugo\u015bciach i przeznaczone s\u0105 dla dzieci w wieku od 5 do 11 lat. Rakiety Rising Star s\u0105 przeznaczone dla dzieci pocz\u0105tkuj\u0105cych w tenisie i rekreacyjnej gry w tenisa, dostosowuj\u0105c si\u0119 do wzrostu fizycznego [&hellip;]<\/p>\n","protected":false},"featured_media":213,"comment_status":"open","ping_status":"closed","template":"","meta":{"_et_pb_use_builder":"","_et_pb_old_content":"","_et_gb_content_width":""},"product_brand":[],"product_cat":[25],"product_tag":[78,80,81,79],"class_list":{"0":"post-223","1":"product","2":"type-product","3":"status-publish","4":"has-post-thumbnail","6":"product_cat-rakiety-tenisowe","7":"product_tag-dziecieca-rakieta-tenisowa","8":"product_tag-rakieta-aluminiowa","9":"product_tag-rakieta-dla-dzieci","10":"product_tag-rakieta-dla-poczatkujacych","12":"first","13":"instock","14":"shipping-taxable","15":"purchasable","16":"product-type-simple"},"_links":{"self":[{"href":"https:\/\/t-inside.com\/index.php\/wp-json\/wp\/v2\/product\/223","targetHints":{"allow":["GET"]}}],"collection":[{"href":"https:\/\/t-inside.com\/index.php\/wp-json\/wp\/v2\/product"}],"about":[{"href":"https:\/\/t-inside.com\/index.php\/wp-json\/wp\/v2\/types\/product"}],"replies":[{"embeddable":true,"href":"https:\/\/t-inside.com\/index.php\/wp-json\/wp\/v2\/comments?post=223"}],"wp:featuredmedia":[{"embeddable":true,"href":"https:\/\/t-inside.com\/index.php\/wp-json\/wp\/v2\/media\/213"}],"wp:attachment":[{"href":"https:\/\/t-inside.com\/index.php\/wp-json\/wp\/v2\/media?parent=223"}],"wp:term":[{"taxonomy":"product_brand","embeddable":true,"href":"https:\/\/t-inside.com\/index.php\/wp-json\/wp\/v2\/product_brand?post=223"},{"taxonomy":"product_cat","embeddable":true,"href":"https:\/\/t-inside.com\/index.php\/wp-json\/wp\/v2\/product_cat?post=223"},{"taxonomy":"product_tag","embeddable":true,"href":"https:\/\/t-inside.com\/index.php\/wp-json\/wp\/v2\/product_tag?post=223"}],"curies":[{"name":"wp","href":"https:\/\/api.w.org\/{rel}","templated":true}]}}