{"id":205,"date":"2023-09-30T12:31:31","date_gmt":"2023-09-30T12:31:31","guid":{"rendered":"https:\/\/t-inside.com\/?post_type=product&#038;p=205"},"modified":"2023-12-20T12:32:06","modified_gmt":"2023-12-20T12:32:06","slug":"vitas-100-jr-26-snauwaert","status":"publish","type":"product","link":"https:\/\/t-inside.com\/index.php\/produkt\/vitas-100-jr-26-snauwaert\/","title":{"rendered":"Vitas 100 JR &#8211; 26&#8221; &#8211; Snauwaert"},"content":{"rendered":"<p>Rakieta tenisowa Snauwaert Vitas 100 junior 26&#8221;. Rozmiar r\u0105czki 0<\/p>\n<p>Rakieta wykonana z 100% kompozytu w\u0119glowego (carbon). Wersja 26&#8243; model <span class=\"\">Vitas 100 Jr<\/span> posiada takie same cechy techniczne i jest wykonana z tych samych wysokiej jako\u015bci materia\u0142\u00f3w co rakieta dla doros\u0142ych lecz <span class=\"jCAhz ChMk0b\"><span class=\"ryNqvb\">jest kr\u00f3tsza, l\u017cejsza i bardziej<\/span><\/span><span class=\"jCAhz ChMk0b\"><span class=\"ryNqvb\"> zwrotna<\/span><\/span>. \u00a0Z du\u017c\u0105 manewrowo\u015bci\u0105 i wag\u0105 255g, Vitas 100 Junior 26&#8243; zapewnia doskona\u0142e po\u0142\u0105czenie mocy i kontroli. Rakieta ma jasne kolory i kolorowe plastikowe elementy i jest niezb\u0119dna dla ka\u017cdego zaawansowanego juniora w wieku <span class=\"\">poni\u017cej 13 roku \u017cycia, kt\u00f3ry stara si\u0119 poprawi\u0107 swoj\u0105 gr\u0119, skupiaj\u0105c si\u0119 na sile.<\/span><\/p>\n<p>Dla kogo przeznaczona jest rakieta?<\/p>\n<ul>\n<li>Czy masz do 12 lat i jeste\u015b pocz\u0105tkuj\u0105cym lub ambitnym ch\u0142opcem lub dziewczynk\u0105?<\/li>\n<li><span class=\"jCAhz ChMk0b\"><span class=\"ryNqvb\">Czy Tw\u00f3j trener sugeruje, \u017ce potrzebujesz<\/span><\/span> <span class=\"jCAhz ChMk0b\"><span class=\"ryNqvb\">rakiet\u0119 z wi\u0119ksz\u0105 moc\u0105 do poprawy<\/span><\/span> <span class=\"jCAhz ChMk0b\"><span class=\"ryNqvb\">Twojej agresywnej gry?<\/span><\/span><\/li>\n<\/ul>\n<p>to ta rakieta jest w\u0142a\u015bnie dla Ciebie.<\/p>\n<p>Parametry techniczne:<\/p>\n<p>VITAS 100 JR 26\u201d<br \/>\nprzestrze\u0144 strunowa 16 \u00d7 19<br \/>\nSpecyfikacje bez naci\u0105gu:<br \/>\nwaga 255 g<br \/>\nbalans 328 mm<br \/>\nwaga r\u00f3wnowa\u017cenia 238 kg\/cm2<\/p>\n<p>Rakiety sprzedawane s\u0105 bez naci\u0105gu i bez etui (pokrowca).<\/p>\n<p>SUGEROWANY NACI\u0104G:<\/p>\n<ul>\n<li>Naci\u0105g SUNNY CORE dla maksymalnej ochrony ramienia.<\/li>\n<li>Naci\u0105g WHITE BEAM dla dodatkowej rotacji, mi\u0119kkiego odczucia nadal maj\u0105ce na celu agresywn\u0105 gr\u0119.<\/li>\n<li>Hybryda WHITE BEAM\u00a0 (g\u0142\u00f3wne) z naci\u0105giem SUNNY CORE (krzy\u017cowo) dla dobrej rotacji i komfortu<\/li>\n<\/ul>\n<p>&nbsp;<\/p>\n","protected":false},"excerpt":{"rendered":"<p>Rakieta tenisowa Snauwaert Vitas 100 junior 26&#8221;. Rozmiar r\u0105czki 0 Rakieta wykonana z 100% kompozytu w\u0119glowego (carbon). Wersja 26&#8243; model Vitas 100 Jr posiada takie same cechy techniczne i jest wykonana z tych samych wysokiej jako\u015bci materia\u0142\u00f3w co rakieta dla doros\u0142ych lecz jest kr\u00f3tsza, l\u017cejsza i bardziej zwrotna. \u00a0Z du\u017c\u0105 manewrowo\u015bci\u0105 i wag\u0105 255g, Vitas [&hellip;]<\/p>\n","protected":false},"featured_media":207,"comment_status":"open","ping_status":"closed","template":"","meta":{"_et_pb_use_builder":"","_et_pb_old_content":"","_et_gb_content_width":""},"product_brand":[],"product_cat":[25],"product_tag":[85,82,84,83,86],"class_list":{"0":"post-205","1":"product","2":"type-product","3":"status-publish","4":"has-post-thumbnail","6":"product_cat-rakiety-tenisowe","7":"product_tag-dla-juniorow-grajacych-w-tenisa","8":"product_tag-rakieta-tenisowa-juniorska","9":"product_tag-rakieta-tenisowa-snauwaert","10":"product_tag-rakieta-tenisowa-vitas","11":"product_tag-rakiety-tenisowe-dla-dzieci-grajacych-wyczynowo","13":"first","14":"instock","15":"featured","16":"shipping-taxable","17":"purchasable","18":"product-type-simple"},"_links":{"self":[{"href":"https:\/\/t-inside.com\/index.php\/wp-json\/wp\/v2\/product\/205","targetHints":{"allow":["GET"]}}],"collection":[{"href":"https:\/\/t-inside.com\/index.php\/wp-json\/wp\/v2\/product"}],"about":[{"href":"https:\/\/t-inside.com\/index.php\/wp-json\/wp\/v2\/types\/product"}],"replies":[{"embeddable":true,"href":"https:\/\/t-inside.com\/index.php\/wp-json\/wp\/v2\/comments?post=205"}],"wp:featuredmedia":[{"embeddable":true,"href":"https:\/\/t-inside.com\/index.php\/wp-json\/wp\/v2\/media\/207"}],"wp:attachment":[{"href":"https:\/\/t-inside.com\/index.php\/wp-json\/wp\/v2\/media?parent=205"}],"wp:term":[{"taxonomy":"product_brand","embeddable":true,"href":"https:\/\/t-inside.com\/index.php\/wp-json\/wp\/v2\/product_brand?post=205"},{"taxonomy":"product_cat","embeddable":true,"href":"https:\/\/t-inside.com\/index.php\/wp-json\/wp\/v2\/product_cat?post=205"},{"taxonomy":"product_tag","embeddable":true,"href":"https:\/\/t-inside.com\/index.php\/wp-json\/wp\/v2\/product_tag?post=205"}],"curies":[{"name":"wp","href":"https:\/\/api.w.org\/{rel}","templated":true}]}}