{"id":200,"date":"2023-09-30T10:36:56","date_gmt":"2023-09-30T10:36:56","guid":{"rendered":"https:\/\/t-inside.com\/?post_type=product&#038;p=200"},"modified":"2023-11-14T19:06:04","modified_gmt":"2023-11-14T19:06:04","slug":"grinta-100-jr-25","status":"publish","type":"product","link":"https:\/\/t-inside.com\/index.php\/produkt\/grinta-100-jr-25\/","title":{"rendered":"Grinta 100 JR &#8211; 25&#8221; &#8211; Snauwaert"},"content":{"rendered":"<p>Rakieta tenisowa Snauwaert Grinta 100 junior 25&#8221;.<\/p>\n<p>Rakieta wykonana z 100% kompozytu w\u0119glowego (carbon). Wersja 25&#8243; i 26&#8243; modelu Grinta 100 posiada takie same cechy techniczne i jest wykonana z tych samych wysokiej jako\u015bci materia\u0142\u00f3w co rakieta dla doros\u0142ych. M\u0142ody gracz czerpie takie same doznania jak przy u\u017cyciu ramy dla doros\u0142ych, ale w kr\u00f3tszej, l\u017cejszej i bardziej zwrotnej wersji. <span class=\"\">Dzi\u0119ki doskona\u0142ej zwrotno\u015bci i wadze 265 g, Grinta 100 Junior 25&#8243; zapewnia doskona\u0142\u0105 kontrol\u0119 i rotacj\u0119.<\/span><span class=\"\"> Jest konieczno\u015bci\u0105 dla ka\u017cdego zaawansowanego juniora w wieku 11 lat i starszego.<\/span><\/p>\n<p>Dla kogo przeznaczona jest rakieta?<\/p>\n<ul>\n<li>Czy masz do 12 lat i jeste\u015b pocz\u0105tkuj\u0105cym lub ambitnym ch\u0142opcem lub dziewczynk\u0105?<\/li>\n<li>Czy tw\u00f3j trener sugeruje, \u017ce potrzebujesz rakiety\u00a0z du\u017c\u0105 kontrol\u0105 do treningu spinowych uderze\u0144?<\/li>\n<\/ul>\n<p>to ta rakieta jest w\u0142a\u015bnie dla Ciebie.<\/p>\n<p>Parametry techniczne:<\/p>\n<p>GRINTA 100 jr 25\u201d<br \/>\nprzestrze\u0144 strunowa 16 \u00d7 18<br \/>\nSpecyfikacje bez naci\u0105gu:<br \/>\nwaga 258 g<br \/>\nbalans 306 mm<br \/>\nwaga r\u00f3wnowa\u017cenia 212 kg\/cm2<\/p>\n<p>Rakiety sprzedawane s\u0105 bez naci\u0105gu i bez etui (pokrowca).<\/p>\n<p>SUGEROWANY NACI\u0104G:<\/p>\n<ul>\n<li>Naci\u0105g SUNNY CORE dla maksymalnej ochrony ramienia.<\/li>\n<li>Naci\u0105g WHITE BEAM dla dodatkowej rotacji, mi\u0119kkiego odczucia nadal maj\u0105ce na celu agresywn\u0105 gr\u0119.<\/li>\n<li>Hybryda WHITE BEAM\u00a0 (g\u0142\u00f3wne) z naci\u0105giem SUNNY CORE (krzy\u017cowo) dla dobrej rotacji i komfortu<\/li>\n<\/ul>\n<p>&nbsp;<\/p>\n","protected":false},"excerpt":{"rendered":"<p>Rakieta tenisowa Snauwaert Grinta 100 junior 25&#8221;. Rakieta wykonana z 100% kompozytu w\u0119glowego (carbon). Wersja 25&#8243; i 26&#8243; modelu Grinta 100 posiada takie same cechy techniczne i jest wykonana z tych samych wysokiej jako\u015bci materia\u0142\u00f3w co rakieta dla doros\u0142ych. M\u0142ody gracz czerpie takie same doznania jak przy u\u017cyciu ramy dla doros\u0142ych, ale w kr\u00f3tszej, l\u017cejszej [&hellip;]<\/p>\n","protected":false},"featured_media":192,"comment_status":"open","ping_status":"closed","template":"","meta":{"_et_pb_use_builder":"","_et_pb_old_content":"","_et_gb_content_width":""},"product_brand":[],"product_cat":[25],"product_tag":[],"class_list":{"0":"post-200","1":"product","2":"type-product","3":"status-publish","4":"has-post-thumbnail","6":"product_cat-rakiety-tenisowe","8":"first","9":"outofstock","10":"shipping-taxable","11":"purchasable","12":"product-type-simple"},"_links":{"self":[{"href":"https:\/\/t-inside.com\/index.php\/wp-json\/wp\/v2\/product\/200","targetHints":{"allow":["GET"]}}],"collection":[{"href":"https:\/\/t-inside.com\/index.php\/wp-json\/wp\/v2\/product"}],"about":[{"href":"https:\/\/t-inside.com\/index.php\/wp-json\/wp\/v2\/types\/product"}],"replies":[{"embeddable":true,"href":"https:\/\/t-inside.com\/index.php\/wp-json\/wp\/v2\/comments?post=200"}],"wp:featuredmedia":[{"embeddable":true,"href":"https:\/\/t-inside.com\/index.php\/wp-json\/wp\/v2\/media\/192"}],"wp:attachment":[{"href":"https:\/\/t-inside.com\/index.php\/wp-json\/wp\/v2\/media?parent=200"}],"wp:term":[{"taxonomy":"product_brand","embeddable":true,"href":"https:\/\/t-inside.com\/index.php\/wp-json\/wp\/v2\/product_brand?post=200"},{"taxonomy":"product_cat","embeddable":true,"href":"https:\/\/t-inside.com\/index.php\/wp-json\/wp\/v2\/product_cat?post=200"},{"taxonomy":"product_tag","embeddable":true,"href":"https:\/\/t-inside.com\/index.php\/wp-json\/wp\/v2\/product_tag?post=200"}],"curies":[{"name":"wp","href":"https:\/\/api.w.org\/{rel}","templated":true}]}}