{"id":180,"date":"2023-09-24T20:56:43","date_gmt":"2023-09-24T20:56:43","guid":{"rendered":"https:\/\/t-inside.com\/?post_type=product&#038;p=180"},"modified":"2023-11-14T18:05:50","modified_gmt":"2023-11-14T18:05:50","slug":"granola-orzechowa-sporters-600g","status":"publish","type":"product","link":"https:\/\/t-inside.com\/index.php\/produkt\/granola-orzechowa-sporters-600g\/","title":{"rendered":"Granola orzechowa SPORTERS 600g"},"content":{"rendered":"<p>Granola SPORTERS to mieszanka pe\u0142noziarnistych p\u0142atk\u00f3w owsianych oraz pysznych i naturalnych dodatk\u00f3w. Granola jest s\u0142odka dzi\u0119ki dodatkowi wielokwiatowego miodu.\u00a0 Wszystkie te sk\u0142adniki s\u0105 \u0142\u0105czone w ca\u0142o\u015b\u0107 a nast\u0119pnie zapiekane, co sprawia \u017ce uzyskuje chrupk\u0105 konsystencje.<\/p>\n<p><b>Co znajduje si\u0119 w granoli orzechowej SPORTERS ?<\/b><\/p>\n<ul>\n<li>p\u0142atki owsiane<\/li>\n<li>mi\u00f3d wielokwiatowy<\/li>\n<li>migda\u0142y<\/li>\n<li>siemi\u0119 lniane<\/li>\n<li>pestki s\u0142onecznika<\/li>\n<li>orzechy nerkowca<\/li>\n<li>orzechy ziemne<\/li>\n<li>wi\u00f3rki kokosowe<\/li>\n<\/ul>\n<div>\n<p>Granola orzechowa SPORTERS to \u015bwietna alternatywa dla slodkich, s\u0142odzonych cukrem p\u0142atk\u00f3w \u015bniadaniowych. Nasz produkt nie zawiera dodatku cukru. Granola \u015bwietnie sprawdzi si\u0119 jako dodatek do mleka, jogurtu naturalnego lub owoc\u00f3w. Mo\u017cn\u0105 j\u0105 te\u017c je\u015b\u0107 prosto z opakowania. Uwaga, uzale\u017cnia!<\/p>\n<p>Co wyr\u00f3\u017cnia nasz\u0105 granol\u0119?<\/p>\n<h1>Granola SPORTERS jest bez dodatku cukru.<\/h1>\n<p>Nasz produkt nie posiada sztucznych barwnik\u00f3w i aromat\u00f3w. Ma wysok\u0105 zawarto\u015b\u0107 b\u0142onnika pokarmowego. Granola to te\u017c \u015bwietne \u017ar\u00f3d\u0142o mikro i makro element\u00f3w oraz naturalnych sk\u0142adnik\u00f3w mineralnych.<\/p>\n<p>GRANOLA ORZECHOWA<br \/>\nSk\u0142adniki: p\u0142atki owsiane, mi\u00f3d wielokwiatowy, migda\u0142y 9 %, siemi\u0119 lniane, s\u0142onecznik, orzechy nerkowca 7 %,<br \/>\norzechy ziemne 7 %, wi\u00f3rki kokosowe.<br \/>\nProdukt zawiera orzechy ziemne oraz inne orzechy. Mo\u017ce zawiera\u0107 \u015bladowe ilo\u015bci jaj<\/p>\n<table>\n<thead>\n<tr>\n<th>TABELA WARTO\u015aCI<\/th>\n<th>W 100G PRODUKTU<\/th>\n<\/tr>\n<\/thead>\n<tbody>\n<tr>\n<td>Warto\u015b\u0107 energetyczna<\/td>\n<td>2042 kJ \/ 488 kcal<\/td>\n<\/tr>\n<tr>\n<td>T\u0142uszcz<\/td>\n<td>23,2 g<\/td>\n<\/tr>\n<tr>\n<td>w tym nasycone kwasy t\u0142uszczowe<\/td>\n<td>3,5 g<\/td>\n<\/tr>\n<tr>\n<td>W\u0119glowodany<\/td>\n<td>47,78 g<\/td>\n<\/tr>\n<tr>\n<td>w tym cukry<\/td>\n<td>17,18 g<\/td>\n<\/tr>\n<tr>\n<td>B\u0142onnik<\/td>\n<td>9,1 g<\/td>\n<\/tr>\n<tr>\n<td>Bia\u0142ko<\/td>\n<td>13,5 g<\/td>\n<\/tr>\n<tr>\n<td>S\u00f3l<\/td>\n<td>0,19 g<\/td>\n<\/tr>\n<\/tbody>\n<\/table>\n<\/div>\n","protected":false},"excerpt":{"rendered":"<p>Granola SPORTERS to mieszanka pe\u0142noziarnistych p\u0142atk\u00f3w owsianych oraz pysznych i naturalnych dodatk\u00f3w. Granola jest s\u0142odka dzi\u0119ki dodatkowi wielokwiatowego miodu.\u00a0 Wszystkie te sk\u0142adniki s\u0105 \u0142\u0105czone w ca\u0142o\u015b\u0107 a nast\u0119pnie zapiekane, co sprawia \u017ce uzyskuje chrupk\u0105 konsystencje. Co znajduje si\u0119 w granoli orzechowej SPORTERS ? p\u0142atki owsiane mi\u00f3d wielokwiatowy migda\u0142y siemi\u0119 lniane pestki s\u0142onecznika orzechy nerkowca orzechy [&hellip;]<\/p>\n","protected":false},"featured_media":181,"comment_status":"open","ping_status":"closed","template":"","meta":{"_et_pb_use_builder":"","_et_pb_old_content":"","_et_gb_content_width":""},"product_brand":[],"product_cat":[23],"product_tag":[58,61,60,59],"class_list":{"0":"post-180","1":"product","2":"type-product","3":"status-publish","4":"has-post-thumbnail","6":"product_cat-suplementy","7":"product_tag-granola-sporters","8":"product_tag-odzywki-dla-juniorow","9":"product_tag-odzywki-dla-sportowcow","10":"product_tag-prodykty-sporters","12":"first","13":"outofstock","14":"shipping-taxable","15":"purchasable","16":"product-type-simple"},"_links":{"self":[{"href":"https:\/\/t-inside.com\/index.php\/wp-json\/wp\/v2\/product\/180","targetHints":{"allow":["GET"]}}],"collection":[{"href":"https:\/\/t-inside.com\/index.php\/wp-json\/wp\/v2\/product"}],"about":[{"href":"https:\/\/t-inside.com\/index.php\/wp-json\/wp\/v2\/types\/product"}],"replies":[{"embeddable":true,"href":"https:\/\/t-inside.com\/index.php\/wp-json\/wp\/v2\/comments?post=180"}],"wp:featuredmedia":[{"embeddable":true,"href":"https:\/\/t-inside.com\/index.php\/wp-json\/wp\/v2\/media\/181"}],"wp:attachment":[{"href":"https:\/\/t-inside.com\/index.php\/wp-json\/wp\/v2\/media?parent=180"}],"wp:term":[{"taxonomy":"product_brand","embeddable":true,"href":"https:\/\/t-inside.com\/index.php\/wp-json\/wp\/v2\/product_brand?post=180"},{"taxonomy":"product_cat","embeddable":true,"href":"https:\/\/t-inside.com\/index.php\/wp-json\/wp\/v2\/product_cat?post=180"},{"taxonomy":"product_tag","embeddable":true,"href":"https:\/\/t-inside.com\/index.php\/wp-json\/wp\/v2\/product_tag?post=180"}],"curies":[{"name":"wp","href":"https:\/\/api.w.org\/{rel}","templated":true}]}}