{"id":151,"date":"2023-09-24T18:15:00","date_gmt":"2023-09-24T18:15:00","guid":{"rendered":"https:\/\/t-inside.com\/?post_type=product&#038;p=151"},"modified":"2023-11-14T20:32:30","modified_gmt":"2023-11-14T20:32:30","slug":"whey-protein-bialko-saszetki-10x30g-czekolada","status":"publish","type":"product","link":"https:\/\/t-inside.com\/index.php\/produkt\/whey-protein-bialko-saszetki-10x30g-czekolada\/","title":{"rendered":"Whey Protein (bia\u0142ko) Saszetki 10x30g &#8211; czekolada"},"content":{"rendered":"<div style=\"width: 1080px;\" class=\"wp-video\"><!--[if lt IE 9]><script>document.createElement('video');<\/script><![endif]-->\n<video class=\"wp-video-shortcode\" id=\"video-151-1\" width=\"1080\" height=\"1350\" preload=\"metadata\" controls=\"controls\"><source type=\"video\/mp4\" src=\"https:\/\/t-inside.com\/wp-content\/uploads\/2023\/09\/FB_post_instrukcja_animacja-1.mp4?_=1\" \/><a href=\"https:\/\/t-inside.com\/wp-content\/uploads\/2023\/09\/FB_post_instrukcja_animacja-1.mp4\">https:\/\/t-inside.com\/wp-content\/uploads\/2023\/09\/FB_post_instrukcja_animacja-1.mp4<\/a><\/video><\/div>\n<p><strong>Shake proteinowy SPORTERS<\/strong>, suplement diety jest opracowanym przez ekspert\u00f3w produktem dla dzieci powy\u017cej 10 roku \u017cycia oraz m\u0142odzie\u017cy. To koncentrat WPC80 stworzony z najwy\u017cszej jako\u015bci surowc\u00f3w, przeznaczony dla m\u0142odych sportowc\u00f3w.<\/p>\n<div class=\"wpb_text_column wpb_content_element\">\n<div class=\"wpb_wrapper\">\n<p><strong>Shake bia\u0142kowy SPORTERS<\/strong> to produkt instant o idealnej rozpuszczalno\u015bci i znakomitym smaku dostosowany do potrzeb os\u00f3b aktywnych fizycznie, kt\u00f3rych organizm ma wi\u0119ksze zapotrzebowanie na bia\u0142ko.<\/p>\n<\/div>\n<\/div>\n<div class=\"wpb_text_column wpb_content_element\">\n<div class=\"wpb_wrapper\">\n<p>M\u0142ode osoby uprawiaj\u0105ce sport potrzebuj\u0105 du\u017co wi\u0119cej energii ni\u017c ich r\u00f3wie\u015bnicy. Ju\u017c jedna porcja 30 g, kt\u00f3ra zawiera 21 g bia\u0142ka, spo\u017cywana regularnie mo\u017ce pom\u00f3c w budowaniu mi\u0119\u015bni. Dla utrzymania prawid\u0142owego stanu zdrowia nale\u017cy stosowa\u0107 zr\u00f3wnowa\u017con\u0105 diet\u0119 i prowadzi\u0107 zdrowy tryb \u017cycia.<\/p>\n<h4>Plusy stosowania WPC80 SPORTERS<\/h4>\n<p>Koktajl\u00a0\u00a0<strong><u>WPC80 SPORTERS<\/u>\u00a0<\/strong>to koncentrat bia\u0142ek serwetkowych przygotowany specjalnie z my\u015bl\u0105 o dzieciach i m\u0142odzie\u017cy powy\u017cej 10 roku \u017cycia.<\/p>\n<p>Bia\u0142ko to jeden z kluczowych makroelement\u00f3w, niezb\u0119dnych do prawid\u0142owego funkcjonowania oraz wzrostu a tak\u017ce regeneracji m\u0142odego organizmu. Odgrywa kluczow\u0105 rol\u0119 w budowie tkanek i mi\u0119\u015bni. Stosowanie odpowiedniej ilo\u015bci bia\u0142ka jest szczeg\u00f3lnie istotne dla os\u00f3b aktywnych, bez wzgl\u0119du na cele treningowe.<\/p>\n<p>WPC 80 to tak\u017ce produkt pozwalaj\u0105cy na utrzymanie prawid\u0142owego przebiegu mechanizm\u00f3w odnowy i regeneracji mi\u0119\u015bni po intensywnych \u0107wiczeniach.<\/p>\n<p>STOSOWANIE:<\/p>\n<p>P\u00f3\u0142torej miarki\u00a0<strong>WPC80 SPORTERS\u00a0<\/strong> (lub 1 saszetk\u0119) rozpu\u015bci\u0107 w 200 ml mleka (lub 1 saszetka). Najlepiej wymiesza\u0107 w shakerze.<\/p>\n<p><strong>Koncentrat WPC80 o smaku czekoladowym SPORTERS.<\/strong><\/p>\n<p><strong>Sk<\/strong><strong>\u0142adniki:\u00a0<\/strong>koncentrat bia\u0142ka serwetkowego WPC80(\u00a0<strong>mleko<\/strong>), kakao odt\u0142uszczone, substancja zag\u0119szczaj\u0105ca: karboksymetyloceluloza, emulgator( lecytyna\u00a0<strong>sojowa<\/strong>) s\u00f3l himalajska, substancja s\u0142odz\u0105ca: sukraloza. Mo\u017ce zawiera\u0107\u00a0<strong>jaja i gluten.<\/strong><\/p>\n<table>\n<colgroup>\n<col \/>\n<col \/>\n<col \/><\/colgroup>\n<thead>\n<tr>\n<th>TABELA WARTO\u015aCI<\/th>\n<th>W PORCJI 30G<\/th>\n<th>W 100G<\/th>\n<\/tr>\n<\/thead>\n<tbody>\n<tr>\n<td>Warto\u015b\u0107 energetyczna<\/td>\n<td>489kj \/117 KCAL<\/td>\n<td>1632kj \/ 390 kcal<\/td>\n<\/tr>\n<tr>\n<td>T\u0142uszcz<\/td>\n<td>1,4<\/td>\n<td>4,6<\/td>\n<\/tr>\n<tr>\n<td>w tym nasycone kwasy t\u0142uszczowe<\/td>\n<td>1,4<\/td>\n<td>4,6<\/td>\n<\/tr>\n<tr>\n<td>W\u0119glowodany<\/td>\n<td>1,6<\/td>\n<td>5,4<\/td>\n<\/tr>\n<tr>\n<td>w tym cukry<\/td>\n<td>1,1<\/td>\n<td>3,6<\/td>\n<\/tr>\n<tr>\n<td>B\u0142onnik<\/td>\n<td>0,5<\/td>\n<td>1,5<\/td>\n<\/tr>\n<tr>\n<td>Bia\u0142ko<\/td>\n<td>21,4<\/td>\n<td>71,4<\/td>\n<\/tr>\n<tr>\n<td>S\u00f3l<\/td>\n<td>0,1<\/td>\n<td>0,5<\/td>\n<\/tr>\n<\/tbody>\n<\/table>\n<\/div>\n<\/div>\n","protected":false},"excerpt":{"rendered":"<p>Shake proteinowy SPORTERS, suplement diety jest opracowanym przez ekspert\u00f3w produktem dla dzieci powy\u017cej 10 roku \u017cycia oraz m\u0142odzie\u017cy. To koncentrat WPC80 stworzony z najwy\u017cszej jako\u015bci surowc\u00f3w, przeznaczony dla m\u0142odych sportowc\u00f3w. Shake bia\u0142kowy SPORTERS to produkt instant o idealnej rozpuszczalno\u015bci i znakomitym smaku dostosowany do potrzeb os\u00f3b aktywnych fizycznie, kt\u00f3rych organizm ma wi\u0119ksze zapotrzebowanie na bia\u0142ko. [&hellip;]<\/p>\n","protected":false},"featured_media":150,"comment_status":"open","ping_status":"closed","template":"","meta":{"_et_pb_use_builder":"","_et_pb_old_content":"","_et_gb_content_width":""},"product_brand":[],"product_cat":[23],"product_tag":[95,92,97,96,94],"class_list":{"0":"post-151","1":"product","2":"type-product","3":"status-publish","4":"has-post-thumbnail","6":"product_cat-suplementy","7":"product_tag-bialko-dla-juniorow","8":"product_tag-produkty-sporters","9":"product_tag-suplementy-dla-dzieci-powyzej-10-lat","10":"product_tag-suplementy-dla-juniorow-sportowcow","11":"product_tag-suplementy-dla-mlodych-sportowcow","13":"first","14":"instock","15":"shipping-taxable","16":"purchasable","17":"product-type-simple"},"_links":{"self":[{"href":"https:\/\/t-inside.com\/index.php\/wp-json\/wp\/v2\/product\/151","targetHints":{"allow":["GET"]}}],"collection":[{"href":"https:\/\/t-inside.com\/index.php\/wp-json\/wp\/v2\/product"}],"about":[{"href":"https:\/\/t-inside.com\/index.php\/wp-json\/wp\/v2\/types\/product"}],"replies":[{"embeddable":true,"href":"https:\/\/t-inside.com\/index.php\/wp-json\/wp\/v2\/comments?post=151"}],"wp:featuredmedia":[{"embeddable":true,"href":"https:\/\/t-inside.com\/index.php\/wp-json\/wp\/v2\/media\/150"}],"wp:attachment":[{"href":"https:\/\/t-inside.com\/index.php\/wp-json\/wp\/v2\/media?parent=151"}],"wp:term":[{"taxonomy":"product_brand","embeddable":true,"href":"https:\/\/t-inside.com\/index.php\/wp-json\/wp\/v2\/product_brand?post=151"},{"taxonomy":"product_cat","embeddable":true,"href":"https:\/\/t-inside.com\/index.php\/wp-json\/wp\/v2\/product_cat?post=151"},{"taxonomy":"product_tag","embeddable":true,"href":"https:\/\/t-inside.com\/index.php\/wp-json\/wp\/v2\/product_tag?post=151"}],"curies":[{"name":"wp","href":"https:\/\/api.w.org\/{rel}","templated":true}]}}