{"id":126,"date":"2023-09-23T22:02:20","date_gmt":"2023-09-23T22:02:20","guid":{"rendered":"https:\/\/t-inside.com\/?post_type=product&#038;p=126"},"modified":"2023-11-14T20:57:33","modified_gmt":"2023-11-14T20:57:33","slug":"recznik-z-nadrukiem-personalizowany-lime-green","status":"publish","type":"product","link":"https:\/\/t-inside.com\/index.php\/produkt\/recznik-z-nadrukiem-personalizowany-lime-green\/","title":{"rendered":"R\u0119cznik z nadrukiem &#8211; personalizowany &#8211; Lime Green"},"content":{"rendered":"<div class=\"margin-top-10\">\n<div class=\"product-description-title\">Opis:<\/div>\n<div>Pozw\u00f3l swojemu dziecku na troch\u0119 indywidualno\u015bci &#8211; personalizowany r\u0119cznik to idealny spos\u00f3b aby wyr\u00f3\u017cni\u0107 si\u0119 z t\u0142umu .<\/div>\n<div>Nadruk z motywem tenisowym wraz z logiem T-inside oraz Imieniem lub ksywk\u0105 dziecka.<\/div>\n<div>Je\u015bli potrzebujesz r\u0119cznik r\u00f3wnie\u017c dla siebie &#8211; to zakup b\u0119dzie r\u00f3wnie\u017c trafionym produktem dla w\u0142asnych potrzeb.<\/div>\n<\/div>\n<div>Jak zamawiamy?\u00a0 Wystarczy podczas zakupu wpisa\u0107 tre\u015b\u0107 personalizacji np imi\u0119, ksywa lub inny tekst.<\/div>\n<div class=\"margin-top-10\">\n<div id=\"product-description\" class=\"text-muted\" data-edit=\"opis\">\n<p>R\u0119cznik frotta wykonany ze 100% bawe\u0142ny, bordiura z miejscem na druk sublimacyjny ze 100% poliestru<\/p>\n<\/div>\n<\/div>\n<div class=\"margin-top-20\">\n<div class=\"product-description-title\">Materia\u0142:<\/div>\n<div id=\"product-description\" class=\"text-muted\">\n<p data-edit=\"textile\">100% bawe\u0142na \/ bordiura: 100% poliester<\/p>\n<\/div>\n<\/div>\n<div class=\"margin-top-20\">\n<div class=\"product-description-title\">Gramatura:<\/div>\n<div id=\"product-description\" class=\"text-muted\">\n<p data-edit=\"weight\">450 g\/m\u00b2<\/p>\n<\/div>\n<\/div>\n<div class=\"margin-top-20\">\n<div class=\"product-description-title\">Rozmiar:<\/div>\n<div id=\"product-description\" class=\"text-muted\">\n<p>50 x 100 cm<\/p>\n<\/div>\n<p>Kolor: Lime Green (zielony)<\/p>\n<\/div>\n","protected":false},"excerpt":{"rendered":"<p>Opis: Pozw\u00f3l swojemu dziecku na troch\u0119 indywidualno\u015bci &#8211; personalizowany r\u0119cznik to idealny spos\u00f3b aby wyr\u00f3\u017cni\u0107 si\u0119 z t\u0142umu . Nadruk z motywem tenisowym wraz z logiem T-inside oraz Imieniem lub ksywk\u0105 dziecka. Je\u015bli potrzebujesz r\u0119cznik r\u00f3wnie\u017c dla siebie &#8211; to zakup b\u0119dzie r\u00f3wnie\u017c trafionym produktem dla w\u0142asnych potrzeb. Jak zamawiamy?\u00a0 Wystarczy podczas zakupu wpisa\u0107 tre\u015b\u0107 [&hellip;]<\/p>\n","protected":false},"featured_media":132,"comment_status":"open","ping_status":"closed","template":"","meta":{"_et_pb_use_builder":"","_et_pb_old_content":"","_et_gb_content_width":""},"product_brand":[],"product_cat":[31],"product_tag":[99,38,39,33],"class_list":{"0":"post-126","1":"product","2":"type-product","3":"status-publish","4":"has-post-thumbnail","6":"product_cat-reczniki","7":"product_tag-recznik-na-turniej-tenisa","8":"product_tag-recznik-sportowy","9":"product_tag-recznik-tenisowy","10":"product_tag-reczniki-z-personalizacja","12":"first","13":"instock","14":"shipping-taxable","15":"purchasable","16":"product-type-simple"},"_links":{"self":[{"href":"https:\/\/t-inside.com\/index.php\/wp-json\/wp\/v2\/product\/126","targetHints":{"allow":["GET"]}}],"collection":[{"href":"https:\/\/t-inside.com\/index.php\/wp-json\/wp\/v2\/product"}],"about":[{"href":"https:\/\/t-inside.com\/index.php\/wp-json\/wp\/v2\/types\/product"}],"replies":[{"embeddable":true,"href":"https:\/\/t-inside.com\/index.php\/wp-json\/wp\/v2\/comments?post=126"}],"wp:featuredmedia":[{"embeddable":true,"href":"https:\/\/t-inside.com\/index.php\/wp-json\/wp\/v2\/media\/132"}],"wp:attachment":[{"href":"https:\/\/t-inside.com\/index.php\/wp-json\/wp\/v2\/media?parent=126"}],"wp:term":[{"taxonomy":"product_brand","embeddable":true,"href":"https:\/\/t-inside.com\/index.php\/wp-json\/wp\/v2\/product_brand?post=126"},{"taxonomy":"product_cat","embeddable":true,"href":"https:\/\/t-inside.com\/index.php\/wp-json\/wp\/v2\/product_cat?post=126"},{"taxonomy":"product_tag","embeddable":true,"href":"https:\/\/t-inside.com\/index.php\/wp-json\/wp\/v2\/product_tag?post=126"}],"curies":[{"name":"wp","href":"https:\/\/api.w.org\/{rel}","templated":true}]}}