{"id":110,"date":"2023-09-23T19:23:27","date_gmt":"2023-09-23T19:23:27","guid":{"rendered":"https:\/\/t-inside.com\/?post_type=product&#038;p=110"},"modified":"2023-10-07T16:04:55","modified_gmt":"2023-10-07T16:04:55","slug":"torba-na-buty-tb02-fuksja","status":"publish","type":"product","link":"https:\/\/t-inside.com\/index.php\/produkt\/torba-na-buty-tb02-fuksja\/","title":{"rendered":"Torba na buty TB02 &#8211; fuksja"},"content":{"rendered":"<div class=\"margin-top-10\">\n<div class=\"product-description-title\">Opis:<\/div>\n<div id=\"product-description\" class=\"text-muted\" data-edit=\"opis\">\n<ul>\n<li>Kombinacja 420D poliester\/ 600D poliester<\/li>\n<li>Nieprzemakalny<\/li>\n<li>Zmywalne wn\u0119trze<\/li>\n<li>Kiesze\u0144 z siatki z ty\u0142u<\/li>\n<li>Oczka wentylacyjne z metalu<\/li>\n<li>Uchwyt<\/li>\n<li>Pojemno\u015b\u0107: 8 litr\u00f3w<\/li>\n<\/ul>\n<\/div>\n<\/div>\n<div class=\"margin-top-20\">\n<div class=\"product-description-title\">Materia\u0142:<\/div>\n<div id=\"product-description\" class=\"text-muted\">\n<p data-edit=\"textile\">100% poliester<\/p>\n<\/div>\n<\/div>\n<div class=\"margin-top-20\">\n<div class=\"product-description-title\">Rozmiary:<\/div>\n<div id=\"product-description\" class=\"text-muted\">\n<p>19 x 35 x 12 cm<\/p>\n<\/div>\n<\/div>\n","protected":false},"excerpt":{"rendered":"<p>Opis: Kombinacja 420D poliester\/ 600D poliester Nieprzemakalny Zmywalne wn\u0119trze Kiesze\u0144 z siatki z ty\u0142u Oczka wentylacyjne z metalu Uchwyt Pojemno\u015b\u0107: 8 litr\u00f3w Materia\u0142: 100% poliester Rozmiary: 19 x 35 x 12 cm<\/p>\n","protected":false},"featured_media":93,"comment_status":"open","ping_status":"closed","template":"","meta":{"_et_pb_use_builder":"","_et_pb_old_content":"","_et_gb_content_width":""},"product_brand":[],"product_cat":[30],"product_tag":[20,22,19,21],"class_list":{"0":"post-110","1":"product","2":"type-product","3":"status-publish","4":"has-post-thumbnail","6":"product_cat-torby","7":"product_tag-t-inside","8":"product_tag-tenis","9":"product_tag-torba-sportowa-na-buty","10":"product_tag-torba-tenisowa","12":"first","13":"instock","14":"shipping-taxable","15":"purchasable","16":"product-type-simple"},"_links":{"self":[{"href":"https:\/\/t-inside.com\/index.php\/wp-json\/wp\/v2\/product\/110","targetHints":{"allow":["GET"]}}],"collection":[{"href":"https:\/\/t-inside.com\/index.php\/wp-json\/wp\/v2\/product"}],"about":[{"href":"https:\/\/t-inside.com\/index.php\/wp-json\/wp\/v2\/types\/product"}],"replies":[{"embeddable":true,"href":"https:\/\/t-inside.com\/index.php\/wp-json\/wp\/v2\/comments?post=110"}],"wp:featuredmedia":[{"embeddable":true,"href":"https:\/\/t-inside.com\/index.php\/wp-json\/wp\/v2\/media\/93"}],"wp:attachment":[{"href":"https:\/\/t-inside.com\/index.php\/wp-json\/wp\/v2\/media?parent=110"}],"wp:term":[{"taxonomy":"product_brand","embeddable":true,"href":"https:\/\/t-inside.com\/index.php\/wp-json\/wp\/v2\/product_brand?post=110"},{"taxonomy":"product_cat","embeddable":true,"href":"https:\/\/t-inside.com\/index.php\/wp-json\/wp\/v2\/product_cat?post=110"},{"taxonomy":"product_tag","embeddable":true,"href":"https:\/\/t-inside.com\/index.php\/wp-json\/wp\/v2\/product_tag?post=110"}],"curies":[{"name":"wp","href":"https:\/\/api.w.org\/{rel}","templated":true}]}}